{"id":1544,"date":"2019-07-30T17:54:48","date_gmt":"2019-07-30T15:54:48","guid":{"rendered":"https:\/\/optical-sound.com\/wp\/?post_type=product&#038;p=1544"},"modified":"2022-05-01T08:26:35","modified_gmt":"2022-05-01T06:26:35","slug":"optical-sound-manifeste-hors-serie","status":"publish","type":"product","link":"https:\/\/optical-sound.com\/wp\/produit\/optical-sound-manifeste-hors-serie\/","title":{"rendered":"OpticalSound, Manifeste, hors-s\u00e9rie"},"content":{"rendered":"<p>OpticalSound Hors S\u00e9rie Manifeste<\/p>\n<p>Pierre Belo\u00fcin &amp; P. Nicolas Ledoux &amp; Pascal B\u00e9jean<\/p>\n<p>64 Pages &#8211; 2 Couleur &#8211; Format 21&#215;28 xcm\u00a0\u00a0&#8211; 10\u00a0\u20ac\u00a0(\u00e9puis\u00e9)<\/p>\n<p>Version num\u00e9rique : 2,99 \u20ac<\/p>\n<p><a href=\"http:\/\/www.artbookmagazine.com\/fr\/catalogue\/opticalsound-9d80b649\" target=\"_blank\" rel=\"noopener noreferrer\">http:\/\/www.artbookmagazine.com\/fr\/catalogue\/opticalsound-9d80b649<\/a><\/p>\n","protected":false},"excerpt":{"rendered":"<section class=\"summary\">Premier hors-s\u00e9rie avant le num\u00e9ro 1! Une r\u00e9ponse et une proposition pour l\u2019exposition <em>Le temps des manifestes<\/em> \u00e0 l\u2019Espace de l\u2019Art Concret, initi\u00e9e par <strong>Fabienne Fulch\u00e9ri<\/strong> en juin 2010. Un parcours visuel et textuel dans les manifestes historiques de l\u2019histoire de l\u2019art \u2013 de <strong>Dada<\/strong> au <strong>Punk<\/strong>, en passant par les <strong>Situationnistes<\/strong> et le <strong>Bauhaus<\/strong>\u2026 Reproductions d\u2019\u0153uvres et de documents, textes et extraits ainsi quelques infiltrations personnelles et d\u00e9cal\u00e9es de la r\u00e9daction d\u2019<strong>OpticalSound<\/strong>.<br \/>\nUne \u00e9dition collector et \u00e9puis\u00e9e. Une maquette organis\u00e9e pour une lecture en affiche, mais ici recompos\u00e9e pour la version num\u00e9rique afin de vous donner un confort de lecture optimum.<\/p>\n<p>Au sommaire<br \/>\nHakim Bey, Andr\u00e9 Breton, Guy-Ernest Debord, Ken Garland, Walter Gropius, Guta\u00ef, \u00c9tienne Hervy, Pierre Joseph, Fabienne Fulch\u00e9ri, P. Nicolas Ledoux, Marinetti, Gustav Metzger, Genesis P-Orridge, Francis Picabia, Dziga Vertov, Tristan Tzara\u2026<\/p>\n<\/section>\n<section class=\"credits\"><span class=\"label\">Contributeur<\/span> Fabienne Fulch\u00e9ri, \u00c9tienne Hervy<br \/>\n<span class=\"label\">Design graphique<\/span> Pascal B\u00e9jean, Geoffroy Tob\u00e9<br \/>\n<span class=\"label\">Auteur<\/span>Collectif<\/p>\n<p><span class=\"label\">\u00c9diteur(s)<\/span> Optical Sound \/ Art Book Magazine<br \/>\n<span class=\"label\">ISBN<\/span> 9782821600331<br \/>\n<span class=\"label\">Date de parution<\/span> avril 2011<br \/>\n<span class=\"label\">Nombre de pages<\/span> 71<br \/>\n<span class=\"label\">Format<\/span> PDF ou IMPRIM\u00c9 (\u00e9puis\u00e9)<br \/>\n<span class=\"label\">Langues<\/span> anglais, fran\u00e7ais<\/p>\n<\/section>\n","protected":false},"featured_media":1549,"template":"","meta":{"_links_to":"","_links_to_target":""},"product_brand":[],"product_cat":[28],"product_tag":[],"class_list":{"0":"post-1544","1":"product","2":"type-product","3":"status-publish","4":"has-post-thumbnail","6":"product_cat-revue","8":"first","9":"outofstock","10":"shipping-taxable","11":"product-type-simple"},"yoast_head":"<!-- This site is optimized with the Yoast SEO plugin v26.6 - https:\/\/yoast.com\/wordpress\/plugins\/seo\/ -->\n<title>OpticalSound, Manifeste, hors-s\u00e9rie - Optical Sound<\/title>\n<meta name=\"robots\" content=\"index, follow, max-snippet:-1, max-image-preview:large, max-video-preview:-1\" \/>\n<link rel=\"canonical\" href=\"https:\/\/optical-sound.com\/wp\/produit\/optical-sound-manifeste-hors-serie\/\" \/>\n<meta property=\"og:locale\" content=\"fr_FR\" \/>\n<meta property=\"og:type\" content=\"article\" \/>\n<meta property=\"og:title\" content=\"OpticalSound, Manifeste, hors-s\u00e9rie - Optical Sound\" \/>\n<meta property=\"og:description\" content=\"Premier hors-s\u00e9rie avant le num\u00e9ro 1! Une r\u00e9ponse et une proposition pour l\u2019exposition Le temps des manifestes \u00e0 l\u2019Espace de l\u2019Art Concret, initi\u00e9e par Fabienne Fulch\u00e9ri en juin 2010. Un parcours visuel et textuel dans les manifestes historiques de l\u2019histoire de l\u2019art \u2013 de Dada au Punk, en passant par les Situationnistes et le Bauhaus\u2026 Reproductions d\u2019\u0153uvres et de documents, textes et extraits ainsi quelques infiltrations personnelles et d\u00e9cal\u00e9es de la r\u00e9daction d\u2019OpticalSound. Une \u00e9dition collector et \u00e9puis\u00e9e. Une maquette organis\u00e9e pour une lecture en affiche, mais ici recompos\u00e9e pour la version num\u00e9rique afin de vous donner un confort de lecture optimum.  Au sommaire Hakim Bey, Andr\u00e9 Breton, Guy-Ernest Debord, Ken Garland, Walter Gropius, Guta\u00ef, \u00c9tienne Hervy, Pierre Joseph, Fabienne Fulch\u00e9ri, P. Nicolas Ledoux, Marinetti, Gustav Metzger, Genesis P-Orridge, Francis Picabia, Dziga Vertov, Tristan Tzara\u2026  Contributeur Fabienne Fulch\u00e9ri, \u00c9tienne Hervy Design graphique Pascal B\u00e9jean, Geoffroy Tob\u00e9 AuteurCollectif  \u00c9diteur(s) Optical Sound \/ Art Book Magazine ISBN 9782821600331 Date de parution avril 2011 Nombre de pages 71 Format PDF ou IMPRIM\u00c9 (\u00e9puis\u00e9) Langues anglais, fran\u00e7ais\" \/>\n<meta property=\"og:url\" content=\"https:\/\/optical-sound.com\/wp\/produit\/optical-sound-manifeste-hors-serie\/\" \/>\n<meta property=\"og:site_name\" content=\"Optical Sound\" \/>\n<meta property=\"article:modified_time\" content=\"2022-05-01T06:26:35+00:00\" \/>\n<meta property=\"og:image\" content=\"https:\/\/optical-sound.com\/wp\/wp-content\/uploads\/2019\/07\/manifeste.jpg\" \/>\n\t<meta property=\"og:image:width\" content=\"740\" \/>\n\t<meta property=\"og:image:height\" content=\"1024\" \/>\n\t<meta property=\"og:image:type\" content=\"image\/jpeg\" \/>\n<meta name=\"twitter:card\" content=\"summary_large_image\" \/>\n<meta name=\"twitter:label1\" content=\"Dur\u00e9e de lecture estim\u00e9e\" \/>\n\t<meta name=\"twitter:data1\" content=\"1 minute\" \/>\n<script type=\"application\/ld+json\" class=\"yoast-schema-graph\">{\"@context\":\"https:\/\/schema.org\",\"@graph\":[{\"@type\":\"WebPage\",\"@id\":\"https:\/\/optical-sound.com\/wp\/produit\/optical-sound-manifeste-hors-serie\/\",\"url\":\"https:\/\/optical-sound.com\/wp\/produit\/optical-sound-manifeste-hors-serie\/\",\"name\":\"OpticalSound, Manifeste, hors-s\u00e9rie - Optical Sound\",\"isPartOf\":{\"@id\":\"https:\/\/optical-sound.com\/wp\/#website\"},\"primaryImageOfPage\":{\"@id\":\"https:\/\/optical-sound.com\/wp\/produit\/optical-sound-manifeste-hors-serie\/#primaryimage\"},\"image\":{\"@id\":\"https:\/\/optical-sound.com\/wp\/produit\/optical-sound-manifeste-hors-serie\/#primaryimage\"},\"thumbnailUrl\":\"https:\/\/optical-sound.com\/wp\/wp-content\/uploads\/2019\/07\/manifeste.jpg\",\"datePublished\":\"2019-07-30T15:54:48+00:00\",\"dateModified\":\"2022-05-01T06:26:35+00:00\",\"breadcrumb\":{\"@id\":\"https:\/\/optical-sound.com\/wp\/produit\/optical-sound-manifeste-hors-serie\/#breadcrumb\"},\"inLanguage\":\"fr-FR\",\"potentialAction\":[{\"@type\":\"ReadAction\",\"target\":[\"https:\/\/optical-sound.com\/wp\/produit\/optical-sound-manifeste-hors-serie\/\"]}]},{\"@type\":\"ImageObject\",\"inLanguage\":\"fr-FR\",\"@id\":\"https:\/\/optical-sound.com\/wp\/produit\/optical-sound-manifeste-hors-serie\/#primaryimage\",\"url\":\"https:\/\/optical-sound.com\/wp\/wp-content\/uploads\/2019\/07\/manifeste.jpg\",\"contentUrl\":\"https:\/\/optical-sound.com\/wp\/wp-content\/uploads\/2019\/07\/manifeste.jpg\",\"width\":740,\"height\":1024},{\"@type\":\"BreadcrumbList\",\"@id\":\"https:\/\/optical-sound.com\/wp\/produit\/optical-sound-manifeste-hors-serie\/#breadcrumb\",\"itemListElement\":[{\"@type\":\"ListItem\",\"position\":1,\"name\":\"Accueil\",\"item\":\"https:\/\/optical-sound.com\/wp\/\"},{\"@type\":\"ListItem\",\"position\":2,\"name\":\"Boutique\",\"item\":\"https:\/\/optical-sound.com\/wp\/boutique\/\"},{\"@type\":\"ListItem\",\"position\":3,\"name\":\"OpticalSound, Manifeste, hors-s\u00e9rie\"}]},{\"@type\":\"WebSite\",\"@id\":\"https:\/\/optical-sound.com\/wp\/#website\",\"url\":\"https:\/\/optical-sound.com\/wp\/\",\"name\":\"Optical Sound\",\"description\":\"\",\"publisher\":{\"@id\":\"https:\/\/optical-sound.com\/wp\/#organization\"},\"potentialAction\":[{\"@type\":\"SearchAction\",\"target\":{\"@type\":\"EntryPoint\",\"urlTemplate\":\"https:\/\/optical-sound.com\/wp\/?s={search_term_string}\"},\"query-input\":{\"@type\":\"PropertyValueSpecification\",\"valueRequired\":true,\"valueName\":\"search_term_string\"}}],\"inLanguage\":\"fr-FR\"},{\"@type\":\"Organization\",\"@id\":\"https:\/\/optical-sound.com\/wp\/#organization\",\"name\":\"Optical Sound\",\"url\":\"https:\/\/optical-sound.com\/wp\/\",\"logo\":{\"@type\":\"ImageObject\",\"inLanguage\":\"fr-FR\",\"@id\":\"https:\/\/optical-sound.com\/wp\/#\/schema\/logo\/image\/\",\"url\":\"https:\/\/optical-sound.com\/wp\/wp-content\/uploads\/2019\/03\/titre.png\",\"contentUrl\":\"https:\/\/optical-sound.com\/wp\/wp-content\/uploads\/2019\/03\/titre.png\",\"width\":1250,\"height\":557,\"caption\":\"Optical Sound\"},\"image\":{\"@id\":\"https:\/\/optical-sound.com\/wp\/#\/schema\/logo\/image\/\"}}]}<\/script>\n<!-- \/ Yoast SEO plugin. -->","yoast_head_json":{"title":"OpticalSound, Manifeste, hors-s\u00e9rie - Optical Sound","robots":{"index":"index","follow":"follow","max-snippet":"max-snippet:-1","max-image-preview":"max-image-preview:large","max-video-preview":"max-video-preview:-1"},"canonical":"https:\/\/optical-sound.com\/wp\/produit\/optical-sound-manifeste-hors-serie\/","og_locale":"fr_FR","og_type":"article","og_title":"OpticalSound, Manifeste, hors-s\u00e9rie - Optical Sound","og_description":"Premier hors-s\u00e9rie avant le num\u00e9ro 1! Une r\u00e9ponse et une proposition pour l\u2019exposition Le temps des manifestes \u00e0 l\u2019Espace de l\u2019Art Concret, initi\u00e9e par Fabienne Fulch\u00e9ri en juin 2010. Un parcours visuel et textuel dans les manifestes historiques de l\u2019histoire de l\u2019art \u2013 de Dada au Punk, en passant par les Situationnistes et le Bauhaus\u2026 Reproductions d\u2019\u0153uvres et de documents, textes et extraits ainsi quelques infiltrations personnelles et d\u00e9cal\u00e9es de la r\u00e9daction d\u2019OpticalSound. Une \u00e9dition collector et \u00e9puis\u00e9e. Une maquette organis\u00e9e pour une lecture en affiche, mais ici recompos\u00e9e pour la version num\u00e9rique afin de vous donner un confort de lecture optimum.  Au sommaire Hakim Bey, Andr\u00e9 Breton, Guy-Ernest Debord, Ken Garland, Walter Gropius, Guta\u00ef, \u00c9tienne Hervy, Pierre Joseph, Fabienne Fulch\u00e9ri, P. Nicolas Ledoux, Marinetti, Gustav Metzger, Genesis P-Orridge, Francis Picabia, Dziga Vertov, Tristan Tzara\u2026  Contributeur Fabienne Fulch\u00e9ri, \u00c9tienne Hervy Design graphique Pascal B\u00e9jean, Geoffroy Tob\u00e9 AuteurCollectif  \u00c9diteur(s) Optical Sound \/ Art Book Magazine ISBN 9782821600331 Date de parution avril 2011 Nombre de pages 71 Format PDF ou IMPRIM\u00c9 (\u00e9puis\u00e9) Langues anglais, fran\u00e7ais","og_url":"https:\/\/optical-sound.com\/wp\/produit\/optical-sound-manifeste-hors-serie\/","og_site_name":"Optical Sound","article_modified_time":"2022-05-01T06:26:35+00:00","og_image":[{"width":740,"height":1024,"url":"https:\/\/optical-sound.com\/wp\/wp-content\/uploads\/2019\/07\/manifeste.jpg","type":"image\/jpeg"}],"twitter_card":"summary_large_image","twitter_misc":{"Dur\u00e9e de lecture estim\u00e9e":"1 minute"},"schema":{"@context":"https:\/\/schema.org","@graph":[{"@type":"WebPage","@id":"https:\/\/optical-sound.com\/wp\/produit\/optical-sound-manifeste-hors-serie\/","url":"https:\/\/optical-sound.com\/wp\/produit\/optical-sound-manifeste-hors-serie\/","name":"OpticalSound, Manifeste, hors-s\u00e9rie - Optical Sound","isPartOf":{"@id":"https:\/\/optical-sound.com\/wp\/#website"},"primaryImageOfPage":{"@id":"https:\/\/optical-sound.com\/wp\/produit\/optical-sound-manifeste-hors-serie\/#primaryimage"},"image":{"@id":"https:\/\/optical-sound.com\/wp\/produit\/optical-sound-manifeste-hors-serie\/#primaryimage"},"thumbnailUrl":"https:\/\/optical-sound.com\/wp\/wp-content\/uploads\/2019\/07\/manifeste.jpg","datePublished":"2019-07-30T15:54:48+00:00","dateModified":"2022-05-01T06:26:35+00:00","breadcrumb":{"@id":"https:\/\/optical-sound.com\/wp\/produit\/optical-sound-manifeste-hors-serie\/#breadcrumb"},"inLanguage":"fr-FR","potentialAction":[{"@type":"ReadAction","target":["https:\/\/optical-sound.com\/wp\/produit\/optical-sound-manifeste-hors-serie\/"]}]},{"@type":"ImageObject","inLanguage":"fr-FR","@id":"https:\/\/optical-sound.com\/wp\/produit\/optical-sound-manifeste-hors-serie\/#primaryimage","url":"https:\/\/optical-sound.com\/wp\/wp-content\/uploads\/2019\/07\/manifeste.jpg","contentUrl":"https:\/\/optical-sound.com\/wp\/wp-content\/uploads\/2019\/07\/manifeste.jpg","width":740,"height":1024},{"@type":"BreadcrumbList","@id":"https:\/\/optical-sound.com\/wp\/produit\/optical-sound-manifeste-hors-serie\/#breadcrumb","itemListElement":[{"@type":"ListItem","position":1,"name":"Accueil","item":"https:\/\/optical-sound.com\/wp\/"},{"@type":"ListItem","position":2,"name":"Boutique","item":"https:\/\/optical-sound.com\/wp\/boutique\/"},{"@type":"ListItem","position":3,"name":"OpticalSound, Manifeste, hors-s\u00e9rie"}]},{"@type":"WebSite","@id":"https:\/\/optical-sound.com\/wp\/#website","url":"https:\/\/optical-sound.com\/wp\/","name":"Optical Sound","description":"","publisher":{"@id":"https:\/\/optical-sound.com\/wp\/#organization"},"potentialAction":[{"@type":"SearchAction","target":{"@type":"EntryPoint","urlTemplate":"https:\/\/optical-sound.com\/wp\/?s={search_term_string}"},"query-input":{"@type":"PropertyValueSpecification","valueRequired":true,"valueName":"search_term_string"}}],"inLanguage":"fr-FR"},{"@type":"Organization","@id":"https:\/\/optical-sound.com\/wp\/#organization","name":"Optical Sound","url":"https:\/\/optical-sound.com\/wp\/","logo":{"@type":"ImageObject","inLanguage":"fr-FR","@id":"https:\/\/optical-sound.com\/wp\/#\/schema\/logo\/image\/","url":"https:\/\/optical-sound.com\/wp\/wp-content\/uploads\/2019\/03\/titre.png","contentUrl":"https:\/\/optical-sound.com\/wp\/wp-content\/uploads\/2019\/03\/titre.png","width":1250,"height":557,"caption":"Optical Sound"},"image":{"@id":"https:\/\/optical-sound.com\/wp\/#\/schema\/logo\/image\/"}}]}},"acf":[],"_links":{"self":[{"href":"https:\/\/optical-sound.com\/wp\/wp-json\/wp\/v2\/product\/1544","targetHints":{"allow":["GET"]}}],"collection":[{"href":"https:\/\/optical-sound.com\/wp\/wp-json\/wp\/v2\/product"}],"about":[{"href":"https:\/\/optical-sound.com\/wp\/wp-json\/wp\/v2\/types\/product"}],"wp:featuredmedia":[{"embeddable":true,"href":"https:\/\/optical-sound.com\/wp\/wp-json\/wp\/v2\/media\/1549"}],"wp:attachment":[{"href":"https:\/\/optical-sound.com\/wp\/wp-json\/wp\/v2\/media?parent=1544"}],"wp:term":[{"taxonomy":"product_brand","embeddable":true,"href":"https:\/\/optical-sound.com\/wp\/wp-json\/wp\/v2\/product_brand?post=1544"},{"taxonomy":"product_cat","embeddable":true,"href":"https:\/\/optical-sound.com\/wp\/wp-json\/wp\/v2\/product_cat?post=1544"},{"taxonomy":"product_tag","embeddable":true,"href":"https:\/\/optical-sound.com\/wp\/wp-json\/wp\/v2\/product_tag?post=1544"}],"curies":[{"name":"wp","href":"https:\/\/api.w.org\/{rel}","templated":true}]}}