{"id":1719,"date":"2020-01-08T11:30:38","date_gmt":"2020-01-08T10:30:38","guid":{"rendered":"https:\/\/optical-sound.com\/wp\/?post_type=product&#038;p=1719"},"modified":"2025-03-19T18:53:07","modified_gmt":"2025-03-19T17:53:07","slug":"rodolphe-alexis-le-courant-des-choses-os-071","status":"publish","type":"product","link":"https:\/\/optical-sound.com\/wp\/produit\/rodolphe-alexis-le-courant-des-choses-os-071\/","title":{"rendered":"Rodolphe Alexis, Le courant des choses (OS.071)"},"content":{"rendered":"<p><iframe style=\"border: 0; width: 400px; height: 274px;\" src=\"https:\/\/bandcamp.com\/EmbeddedPlayer\/album=209753290\/size=large\/bgcol=ffffff\/linkcol=0687f5\/artwork=none\/transparent=true\/\" seamless=\"\"><a href=\"http:\/\/optical-sound.bandcamp.com\/album\/le-courant-des-choses-os-071\">Le Courant des  Choses (OS.071) by Rodolphe Alexis<\/a><\/iframe><\/p>\n<div class=\"tralbumData tralbum-credits\">\n<p>released December 23, 2019<br \/>\nGraphic Design <a href=\"http:\/\/www.abm-studio.com\" target=\"_blank\" rel=\"noopener noreferrer\">ABM Studio<\/a><\/p>\n<p>Remerciements :<\/p>\n<p>F\u00e9licie Bazelaire, Cyprien Busolini, Arnaud Chevrier, C\u00e9cile Hartmann, Yoko Fukushima, Ivan Klimov, Mael Le Golvan, St\u00e9phane Rives, Vincent Voillat, Le personnel du s\u00e9maphore de la pointe du Grouin : Major Raoul Gloaguen, Ma\u00eetre Principal Joel Calvez, Ma\u00eetre Principal Lo\u00efc Le Flanchec, Ma\u00eetre Principal Thibaud Uyers, Madame Catherine Le Goff Principale du Coll\u00e8ge de Cancale, les \u00e9l\u00e8ves de la classe de 4eme2 et leurs professeurs : Karine Gaudichon, Val\u00e9rie Passoni-Guillouzo, Laurence Poiron, L\u2019agence d\u00e9partementale du Pays de Saint-Malo, Le service Action culturelle, Le service Patrimoine naturel, Beno\u00eet Subileau, L\u2019association Bretagne Vivante, Le Bon Accueil.<\/p>\n<p>DERNIERS EXEMPLAIRES !<\/p>\n<\/div>\n","protected":false},"excerpt":{"rendered":"<p>\u00ab Tout peut \u00eatre un paysage \u00bb*<\/p>\n<p>Ce disque r\u00e9unit une s\u00e9rie de pi\u00e8ces sonores cr\u00e9\u00e9es \u00e0 partir de son exposition personnelle\u00a0\u00bb Le Courant des choses\u00a0\u00bb qui s&rsquo;est tenue au S\u00e9maphore de La pointe du Grouin du 1er juillet au 31 aout 2018. Con\u00e7ue durant une p\u00e9riode r\u00e9sidence \u00e9tal\u00e9e entre l&rsquo;automne et le printemps, l\u2019exposition regroupait une dizaine d\u2019\u0153uvres alliant photographie, vid\u00e9o, installation et composition musicale et rendait compte d\u2019un travail d\u2019observation, de collecte et d\u2019\u00e9changes autour du paysage de ce fragment de c\u00f4te bretonne.<\/p>\n<p>R\u00e9sidence et expositions produites par le Bon Accueil avec le soutien du Conseil d\u00e9partemental d&rsquo;Ille-et-Vilaine dans le cadre d&rsquo;une r\u00e9sidence-mission.<br \/>\nSc\u00e9nographie d&rsquo;exposition : Le Bon Accueil<br \/>\nCo-production, Rodolphe Alexis, Le bon Accueil et Optical Sound &#8211; 2019<\/p>\n<div class=\"tralbumData tralbum-about\">\n<p>Sur la ligne de c\u00f4te<\/p>\n<p>L\u00e0-bas, en face, au loin, tr\u00e8s loin, plus loin que ne savent voir les yeux m\u00eame des vigies qui veillent sur l\u2019horizon<span class=\"bcTruncateEllipsis\">&#8230;<\/span><\/p>\n<\/div>\n<h3 class=\"credits-label\"><\/h3>\n","protected":false},"featured_media":1724,"template":"","meta":{"_links_to":"","_links_to_target":""},"product_brand":[],"product_cat":[25],"product_tag":[],"class_list":{"0":"post-1719","1":"product","2":"type-product","3":"status-publish","4":"has-post-thumbnail","6":"product_cat-records","8":"first","9":"instock","10":"shipping-taxable","11":"purchasable","12":"product-type-simple"},"yoast_head":"<!-- This site is optimized with the Yoast SEO plugin v26.6 - https:\/\/yoast.com\/wordpress\/plugins\/seo\/ -->\n<title>Rodolphe Alexis, Le courant des choses (OS.071) - Optical Sound<\/title>\n<meta name=\"robots\" content=\"index, follow, max-snippet:-1, max-image-preview:large, max-video-preview:-1\" \/>\n<link rel=\"canonical\" href=\"https:\/\/optical-sound.com\/wp\/produit\/rodolphe-alexis-le-courant-des-choses-os-071\/\" \/>\n<meta property=\"og:locale\" content=\"fr_FR\" \/>\n<meta property=\"og:type\" content=\"article\" \/>\n<meta property=\"og:title\" content=\"Rodolphe Alexis, Le courant des choses (OS.071) - Optical Sound\" \/>\n<meta property=\"og:description\" content=\"\u00ab Tout peut \u00eatre un paysage \u00bb*  Ce disque r\u00e9unit une s\u00e9rie de pi\u00e8ces sonores cr\u00e9\u00e9es \u00e0 partir de son exposition personnelle&quot; Le Courant des choses&quot; qui s&#039;est tenue au S\u00e9maphore de La pointe du Grouin du 1er juillet au 31 aout 2018. Con\u00e7ue durant une p\u00e9riode r\u00e9sidence \u00e9tal\u00e9e entre l&#039;automne et le printemps, l\u2019exposition regroupait une dizaine d\u2019\u0153uvres alliant photographie, vid\u00e9o, installation et composition musicale et rendait compte d\u2019un travail d\u2019observation, de collecte et d\u2019\u00e9changes autour du paysage de ce fragment de c\u00f4te bretonne.  R\u00e9sidence et expositions produites par le Bon Accueil avec le soutien du Conseil d\u00e9partemental d&#039;Ille-et-Vilaine dans le cadre d&#039;une r\u00e9sidence-mission. Sc\u00e9nographie d&#039;exposition : Le Bon Accueil Co-production, Rodolphe Alexis, Le bon Accueil et Optical Sound - 2019   Sur la ligne de c\u00f4te  L\u00e0-bas, en face, au loin, tr\u00e8s loin, plus loin que ne savent voir les yeux m\u00eame des vigies qui veillent sur l\u2019horizon...\" \/>\n<meta property=\"og:url\" content=\"https:\/\/optical-sound.com\/wp\/produit\/rodolphe-alexis-le-courant-des-choses-os-071\/\" \/>\n<meta property=\"og:site_name\" content=\"Optical Sound\" \/>\n<meta property=\"article:modified_time\" content=\"2025-03-19T17:53:07+00:00\" \/>\n<meta property=\"og:image\" content=\"https:\/\/optical-sound.com\/wp\/wp-content\/uploads\/2020\/01\/a1517632156_10.jpg\" \/>\n\t<meta property=\"og:image:width\" content=\"1200\" \/>\n\t<meta property=\"og:image:height\" content=\"1165\" \/>\n\t<meta property=\"og:image:type\" content=\"image\/jpeg\" \/>\n<meta name=\"twitter:card\" content=\"summary_large_image\" \/>\n<meta name=\"twitter:label1\" content=\"Dur\u00e9e de lecture estim\u00e9e\" \/>\n\t<meta name=\"twitter:data1\" content=\"1 minute\" \/>\n<script type=\"application\/ld+json\" class=\"yoast-schema-graph\">{\"@context\":\"https:\/\/schema.org\",\"@graph\":[{\"@type\":\"WebPage\",\"@id\":\"https:\/\/optical-sound.com\/wp\/produit\/rodolphe-alexis-le-courant-des-choses-os-071\/\",\"url\":\"https:\/\/optical-sound.com\/wp\/produit\/rodolphe-alexis-le-courant-des-choses-os-071\/\",\"name\":\"Rodolphe Alexis, Le courant des choses (OS.071) - Optical Sound\",\"isPartOf\":{\"@id\":\"https:\/\/optical-sound.com\/wp\/#website\"},\"primaryImageOfPage\":{\"@id\":\"https:\/\/optical-sound.com\/wp\/produit\/rodolphe-alexis-le-courant-des-choses-os-071\/#primaryimage\"},\"image\":{\"@id\":\"https:\/\/optical-sound.com\/wp\/produit\/rodolphe-alexis-le-courant-des-choses-os-071\/#primaryimage\"},\"thumbnailUrl\":\"https:\/\/optical-sound.com\/wp\/wp-content\/uploads\/2020\/01\/a1517632156_10.jpg\",\"datePublished\":\"2020-01-08T10:30:38+00:00\",\"dateModified\":\"2025-03-19T17:53:07+00:00\",\"breadcrumb\":{\"@id\":\"https:\/\/optical-sound.com\/wp\/produit\/rodolphe-alexis-le-courant-des-choses-os-071\/#breadcrumb\"},\"inLanguage\":\"fr-FR\",\"potentialAction\":[{\"@type\":\"ReadAction\",\"target\":[\"https:\/\/optical-sound.com\/wp\/produit\/rodolphe-alexis-le-courant-des-choses-os-071\/\"]}]},{\"@type\":\"ImageObject\",\"inLanguage\":\"fr-FR\",\"@id\":\"https:\/\/optical-sound.com\/wp\/produit\/rodolphe-alexis-le-courant-des-choses-os-071\/#primaryimage\",\"url\":\"https:\/\/optical-sound.com\/wp\/wp-content\/uploads\/2020\/01\/a1517632156_10.jpg\",\"contentUrl\":\"https:\/\/optical-sound.com\/wp\/wp-content\/uploads\/2020\/01\/a1517632156_10.jpg\",\"width\":1200,\"height\":1165},{\"@type\":\"BreadcrumbList\",\"@id\":\"https:\/\/optical-sound.com\/wp\/produit\/rodolphe-alexis-le-courant-des-choses-os-071\/#breadcrumb\",\"itemListElement\":[{\"@type\":\"ListItem\",\"position\":1,\"name\":\"Accueil\",\"item\":\"https:\/\/optical-sound.com\/wp\/\"},{\"@type\":\"ListItem\",\"position\":2,\"name\":\"Boutique\",\"item\":\"https:\/\/optical-sound.com\/wp\/boutique\/\"},{\"@type\":\"ListItem\",\"position\":3,\"name\":\"Rodolphe Alexis, Le courant des choses (OS.071)\"}]},{\"@type\":\"WebSite\",\"@id\":\"https:\/\/optical-sound.com\/wp\/#website\",\"url\":\"https:\/\/optical-sound.com\/wp\/\",\"name\":\"Optical Sound\",\"description\":\"\",\"publisher\":{\"@id\":\"https:\/\/optical-sound.com\/wp\/#organization\"},\"potentialAction\":[{\"@type\":\"SearchAction\",\"target\":{\"@type\":\"EntryPoint\",\"urlTemplate\":\"https:\/\/optical-sound.com\/wp\/?s={search_term_string}\"},\"query-input\":{\"@type\":\"PropertyValueSpecification\",\"valueRequired\":true,\"valueName\":\"search_term_string\"}}],\"inLanguage\":\"fr-FR\"},{\"@type\":\"Organization\",\"@id\":\"https:\/\/optical-sound.com\/wp\/#organization\",\"name\":\"Optical Sound\",\"url\":\"https:\/\/optical-sound.com\/wp\/\",\"logo\":{\"@type\":\"ImageObject\",\"inLanguage\":\"fr-FR\",\"@id\":\"https:\/\/optical-sound.com\/wp\/#\/schema\/logo\/image\/\",\"url\":\"https:\/\/optical-sound.com\/wp\/wp-content\/uploads\/2019\/03\/titre.png\",\"contentUrl\":\"https:\/\/optical-sound.com\/wp\/wp-content\/uploads\/2019\/03\/titre.png\",\"width\":1250,\"height\":557,\"caption\":\"Optical Sound\"},\"image\":{\"@id\":\"https:\/\/optical-sound.com\/wp\/#\/schema\/logo\/image\/\"}}]}<\/script>\n<!-- \/ Yoast SEO plugin. -->","yoast_head_json":{"title":"Rodolphe Alexis, Le courant des choses (OS.071) - Optical Sound","robots":{"index":"index","follow":"follow","max-snippet":"max-snippet:-1","max-image-preview":"max-image-preview:large","max-video-preview":"max-video-preview:-1"},"canonical":"https:\/\/optical-sound.com\/wp\/produit\/rodolphe-alexis-le-courant-des-choses-os-071\/","og_locale":"fr_FR","og_type":"article","og_title":"Rodolphe Alexis, Le courant des choses (OS.071) - Optical Sound","og_description":"\u00ab Tout peut \u00eatre un paysage \u00bb*  Ce disque r\u00e9unit une s\u00e9rie de pi\u00e8ces sonores cr\u00e9\u00e9es \u00e0 partir de son exposition personnelle\" Le Courant des choses\" qui s'est tenue au S\u00e9maphore de La pointe du Grouin du 1er juillet au 31 aout 2018. Con\u00e7ue durant une p\u00e9riode r\u00e9sidence \u00e9tal\u00e9e entre l'automne et le printemps, l\u2019exposition regroupait une dizaine d\u2019\u0153uvres alliant photographie, vid\u00e9o, installation et composition musicale et rendait compte d\u2019un travail d\u2019observation, de collecte et d\u2019\u00e9changes autour du paysage de ce fragment de c\u00f4te bretonne.  R\u00e9sidence et expositions produites par le Bon Accueil avec le soutien du Conseil d\u00e9partemental d'Ille-et-Vilaine dans le cadre d'une r\u00e9sidence-mission. Sc\u00e9nographie d'exposition : Le Bon Accueil Co-production, Rodolphe Alexis, Le bon Accueil et Optical Sound - 2019   Sur la ligne de c\u00f4te  L\u00e0-bas, en face, au loin, tr\u00e8s loin, plus loin que ne savent voir les yeux m\u00eame des vigies qui veillent sur l\u2019horizon...","og_url":"https:\/\/optical-sound.com\/wp\/produit\/rodolphe-alexis-le-courant-des-choses-os-071\/","og_site_name":"Optical Sound","article_modified_time":"2025-03-19T17:53:07+00:00","og_image":[{"width":1200,"height":1165,"url":"https:\/\/optical-sound.com\/wp\/wp-content\/uploads\/2020\/01\/a1517632156_10.jpg","type":"image\/jpeg"}],"twitter_card":"summary_large_image","twitter_misc":{"Dur\u00e9e de lecture estim\u00e9e":"1 minute"},"schema":{"@context":"https:\/\/schema.org","@graph":[{"@type":"WebPage","@id":"https:\/\/optical-sound.com\/wp\/produit\/rodolphe-alexis-le-courant-des-choses-os-071\/","url":"https:\/\/optical-sound.com\/wp\/produit\/rodolphe-alexis-le-courant-des-choses-os-071\/","name":"Rodolphe Alexis, Le courant des choses (OS.071) - Optical Sound","isPartOf":{"@id":"https:\/\/optical-sound.com\/wp\/#website"},"primaryImageOfPage":{"@id":"https:\/\/optical-sound.com\/wp\/produit\/rodolphe-alexis-le-courant-des-choses-os-071\/#primaryimage"},"image":{"@id":"https:\/\/optical-sound.com\/wp\/produit\/rodolphe-alexis-le-courant-des-choses-os-071\/#primaryimage"},"thumbnailUrl":"https:\/\/optical-sound.com\/wp\/wp-content\/uploads\/2020\/01\/a1517632156_10.jpg","datePublished":"2020-01-08T10:30:38+00:00","dateModified":"2025-03-19T17:53:07+00:00","breadcrumb":{"@id":"https:\/\/optical-sound.com\/wp\/produit\/rodolphe-alexis-le-courant-des-choses-os-071\/#breadcrumb"},"inLanguage":"fr-FR","potentialAction":[{"@type":"ReadAction","target":["https:\/\/optical-sound.com\/wp\/produit\/rodolphe-alexis-le-courant-des-choses-os-071\/"]}]},{"@type":"ImageObject","inLanguage":"fr-FR","@id":"https:\/\/optical-sound.com\/wp\/produit\/rodolphe-alexis-le-courant-des-choses-os-071\/#primaryimage","url":"https:\/\/optical-sound.com\/wp\/wp-content\/uploads\/2020\/01\/a1517632156_10.jpg","contentUrl":"https:\/\/optical-sound.com\/wp\/wp-content\/uploads\/2020\/01\/a1517632156_10.jpg","width":1200,"height":1165},{"@type":"BreadcrumbList","@id":"https:\/\/optical-sound.com\/wp\/produit\/rodolphe-alexis-le-courant-des-choses-os-071\/#breadcrumb","itemListElement":[{"@type":"ListItem","position":1,"name":"Accueil","item":"https:\/\/optical-sound.com\/wp\/"},{"@type":"ListItem","position":2,"name":"Boutique","item":"https:\/\/optical-sound.com\/wp\/boutique\/"},{"@type":"ListItem","position":3,"name":"Rodolphe Alexis, Le courant des choses (OS.071)"}]},{"@type":"WebSite","@id":"https:\/\/optical-sound.com\/wp\/#website","url":"https:\/\/optical-sound.com\/wp\/","name":"Optical Sound","description":"","publisher":{"@id":"https:\/\/optical-sound.com\/wp\/#organization"},"potentialAction":[{"@type":"SearchAction","target":{"@type":"EntryPoint","urlTemplate":"https:\/\/optical-sound.com\/wp\/?s={search_term_string}"},"query-input":{"@type":"PropertyValueSpecification","valueRequired":true,"valueName":"search_term_string"}}],"inLanguage":"fr-FR"},{"@type":"Organization","@id":"https:\/\/optical-sound.com\/wp\/#organization","name":"Optical Sound","url":"https:\/\/optical-sound.com\/wp\/","logo":{"@type":"ImageObject","inLanguage":"fr-FR","@id":"https:\/\/optical-sound.com\/wp\/#\/schema\/logo\/image\/","url":"https:\/\/optical-sound.com\/wp\/wp-content\/uploads\/2019\/03\/titre.png","contentUrl":"https:\/\/optical-sound.com\/wp\/wp-content\/uploads\/2019\/03\/titre.png","width":1250,"height":557,"caption":"Optical Sound"},"image":{"@id":"https:\/\/optical-sound.com\/wp\/#\/schema\/logo\/image\/"}}]}},"acf":[],"_links":{"self":[{"href":"https:\/\/optical-sound.com\/wp\/wp-json\/wp\/v2\/product\/1719","targetHints":{"allow":["GET"]}}],"collection":[{"href":"https:\/\/optical-sound.com\/wp\/wp-json\/wp\/v2\/product"}],"about":[{"href":"https:\/\/optical-sound.com\/wp\/wp-json\/wp\/v2\/types\/product"}],"wp:featuredmedia":[{"embeddable":true,"href":"https:\/\/optical-sound.com\/wp\/wp-json\/wp\/v2\/media\/1724"}],"wp:attachment":[{"href":"https:\/\/optical-sound.com\/wp\/wp-json\/wp\/v2\/media?parent=1719"}],"wp:term":[{"taxonomy":"product_brand","embeddable":true,"href":"https:\/\/optical-sound.com\/wp\/wp-json\/wp\/v2\/product_brand?post=1719"},{"taxonomy":"product_cat","embeddable":true,"href":"https:\/\/optical-sound.com\/wp\/wp-json\/wp\/v2\/product_cat?post=1719"},{"taxonomy":"product_tag","embeddable":true,"href":"https:\/\/optical-sound.com\/wp\/wp-json\/wp\/v2\/product_tag?post=1719"}],"curies":[{"name":"wp","href":"https:\/\/api.w.org\/{rel}","templated":true}]}}