{"id":2356,"date":"2021-05-16T18:37:24","date_gmt":"2021-05-16T16:37:24","guid":{"rendered":"https:\/\/optical-sound.com\/wp\/?post_type=product&#038;p=2356"},"modified":"2021-05-16T18:38:04","modified_gmt":"2021-05-16T16:38:04","slug":"lionel-marchetti-adele-et-hadrien-os-033-2xcd","status":"publish","type":"product","link":"https:\/\/optical-sound.com\/wp\/produit\/lionel-marchetti-adele-et-hadrien-os-033-2xcd\/","title":{"rendered":"Lionel Marchetti, Ad\u00e8le et Hadrien (OS.033) 2xCD"},"content":{"rendered":"<p style=\"text-align: left;\"><span class=\"reference\"><strong>Ad\u00e8le et Hadrien (le livre des vacances)<\/strong> Une musique concr\u00e8te de <a href=\"http:\/\/lionel.erasme.org\/\" target=\"_\" rel=\"noopener noreferrer\">Lionel Marchetti<\/a><br \/>\nen deux livres et dix cahiers 1999\/2006<br \/>\nMusique instrumentale additive : Olivier Capparos<br \/>\nGraphisme : P. Nicolas Ledoux<br \/>\n&#8212;&#8211;<br \/>\n<strong>Premier livre \/ CD 1 &#8211; (57\u201910\u2019\u2019)<\/strong><br \/>\nPREMIER CAHIER<br \/>\n\u00c0 la campagne<br \/>\n1\/ Le sommeil \u2013 Devant la cage. (8\u201902\u2019\u2019)<br \/>\nSECOND CAHIER<br \/>\nL\u2019\u00eele au tr\u00e9sor<br \/>\n2\/ Dans les jardins d\u2019\u00e9t\u00e9 \u2013 Pique-nique \u2013 Une partie de cache cache. (6\u201922\u2019\u2019)<br \/>\nTROISI\u00c8ME CAHIER<br \/>\nL\u2019appel fantastique<br \/>\n3\/ Dans la for\u00eat \u00ac\u2013 En barque sur le lac \u2013 \u00acOn se jette \u00e0 l\u2019eau ! (7\u201912\u2019\u2019)<br \/>\nQUATRI\u00c8ME CAHIER<br \/>\nLa grotte<br \/>\n4\/ Une r\u00e9surgence \u2013 La peur du noir. (5\u201902\u2019\u2019)<br \/>\nINTERLUDE 1<br \/>\n5\/ Premi\u00e8re variation sur Rondo de lie. (1\u201947\u2019\u2019)<br \/>\nCINQUI\u00c8ME CAHIER<br \/>\nSur les hauteurs<br \/>\n6\/ Jeux d\u2019eau \u2013 La cascade. (4\u201905\u2019\u2019)<br \/>\n(premier r\u00eave d\u2019Ad\u00e8le)<br \/>\n7\/ Au refuge \u2013 R\u00eave bleu. (6\u201909\u2019\u2019)<br \/>\nINTERLUDE 2<br \/>\n8\/ Seconde variation sur Rondo de lie. (2\u201918\u2019\u2019)<br \/>\nSIXI\u00c8ME CAHIER<br \/>\nNotre boum \u00e0 la maison<br \/>\n9\/ Dans les jardins d\u2019\u00e9t\u00e9 \u2013 La boum \u2013 Chant final avec toute la famille. (16\u201909\u2019\u2019)<br \/>\nFIN DU PREMIER LIVRE.<\/span><\/p>\n<p><strong>Second livre \/ CD 2 &#8211; (65\u201920\u2019\u2019)<\/strong><br \/>\nSEPTI\u00c8ME CAHIER<br \/>\nLes bruits de la for\u00eat<br \/>\n1\/ Au bout du monde \u2013 Une b\u00eate \u2013 Discussion sous la pluie. (9\u201936\u2019\u2019)<br \/>\nHUITI\u00c8ME CAHIER<br \/>\nLa capture<br \/>\n2\/ Notre chanson de l\u2019\u00e9t\u00e9 \u2013 Attente \u2013 Les insectes. (7\u201922\u2019\u2019)<br \/>\n(second r\u00eave d\u2019Ad\u00e8le)<br \/>\nLe voyage<br \/>\n3\/ Les yeux clos \u2013 Petits cauchemars \u2013 Le r\u00e8ve du voyage au Maroc. (13\u201902\u2019\u2019)<br \/>\nINTERLUDE 3<br \/>\n4\/ Troisi\u00e8me variation sur Rondo de lie. (2\u201908\u2019\u2019)<br \/>\nNEUVI\u00c8ME CAHIER Une d\u00e9couverte fascinante<br \/>\n5\/ Glissades en hiver \u2013 La d\u00e9couverte. (10\u201927\u2019\u2019)<br \/>\nINTERLUDE 4<br \/>\n6\/ Quatri\u00e8me variation sur Rondo de lie. (2\u201913\u2019\u2019)<br \/>\nDIXI\u00c8ME CAHIER<br \/>\n\u00e0 Pierre Bettencourt L\u2019\u00e9t\u00e9<br \/>\n7\/ Pr\u00e9lude \u2013 \u00c0 La p\u00eache. (11\u201946\u2019\u2019)<br \/>\n8\/ Le cimeti\u00e8re \u2013 Les voix du pass\u00e9. (8\u201945\u2019\u2019)<\/p>\n<p>&#8230;.\u00a0\u00a0 \u00a0J\u2019aime cette possibilit\u00e9 que donne la musique concr\u00e8te, et dont Lionel Marchetti s\u2019empare, de recr\u00e9er le jour par la nuit.<br \/>\nAu cin\u00e9ma, lorsque les pellicules \u00e9taient encore de faible sensibilit\u00e9, c\u2019est en plein jour que l\u2019on tournait souvent\u00a0 les \u201cext\u00e9rieurs nuit\u201d: une plage, un d\u00e9sert, une campagne. Il suffisait de mettre devant l\u2019objectif un filtre assombrissant et bleuissant, d\u2019attribuer les ombres sur le paysage, s\u2019il y en avait, \u00e0 la clart\u00e9 de la Lune, et \u00e7a s\u2019appelait le Day for Night. En France, on disait: la nuit am\u00e9ricaine.<br \/>\nJe dirai alors que la musique concr\u00e8te illustre, dans bien des cas, le contraire, c\u2019est-\u00e0-dire le \u201cnight for day\u201d. C\u2019est de la nuit acousmatique, de la non-visibilit\u00e9 des sources consubstantielle \u00e0 cette musique, que na\u00eet le sentiment \u00e9clatant d\u2019un peu de jour.<br \/>\nDes ext\u00e9rieurs-jours, il y en a depuis longtemps dans la musique de Lionel Marchetti; une musique que j\u2019aime parce qu\u2019il y a le cosmos autour, le ciel au-dessus, la vall\u00e9e parfois au-dessous, des voix en nous &#8211; ici des voix d\u2019enfants qui nous semblent les n\u00f4tres, un horizon au loin.<br \/>\nLe cosmos est myst\u00e9rieux, cela veut dire non qu\u2019il nous cache quelque chose, mais qu\u2019il nous parle. Il parle avec des accords mouvants, comme une draperie-paysage, tout au fond, cependant que des sons-\u00e9v\u00e9nements surgissent pr\u00e8s de nous.<br \/>\n.\u00a0\u00a0 \u00a0Dialogues, et contrastes, entre le caract\u00e8re d\u00e9rivant et ample des tenues lointaines &#8211; notes glissant les unes sur les autres, des plaques, des couches &#8211;\u00a0 et la tension des premiers plans.<br \/>\nUne petite voix humaine s\u2019unit parfois au cosmos en chantonnant sur la m\u00eame hauteur.<br \/>\n\u00c0 la fin, la grille d\u2019un cimeti\u00e8re, quand elle grince, joint ses notes \u00e0 celles du cosmos.<br \/>\nSouvent, dans la musique de Marchetti, un son fouette l\u2019air ou tombe comme un \u201cplouf\u201d, et nous voil\u00e0 \u00e0 guetter les ondes qu\u2019il fait, mais rien au-del\u00e0 de lui, dans les sons, ne bouge. Rien n\u2019est audible de ces ondes, et d\u00e8s lors, ces ondes, nous les sentons se former et se d\u00e9placer en nous, silencieuses.<br \/>\nUne musique qui laisse au silence de l\u2019espace et du temps pour nous atteindre, par ondes muettes.<br \/>\nDes acc\u00e8s de m\u00e9lancolie, de chagrin se r\u00e9sorbent; comment le tissu du temps se reconstitue, se retisse autour de moments qui ressemblent \u00e0\u00a0 un d\u00e9chirement du temps.<br \/>\n&#8230; O\u00f9 vont tous les mots qui ont \u00e9t\u00e9 prononc\u00e9s (s\u2019ils ne sont pas enregistr\u00e9s, ce qui est possible depuis 1877)? Physiquement parlant, ils ne vont nulle part, ils se dissolvent. En m\u00eame temps, il nous semble qu\u2019ils continuent d\u2019exister quelque part et tournent, dans une \u00e9ternit\u00e9, comme des ronds de fum\u00e9e.<br \/>\nLe son \u00e9mis par une voix d\u2019enfant est un \u00e9branlement de l\u2019air minuscule, mais une force de vie. Ad\u00e8le et Hadrien met en relation deux de ces \u201cpetites voix\u201d avec l\u2019\u00e9tendue du cosmos, qui existe\u00a0 par une rumeur \u00e0 la fois lointaine et pr\u00e9sente. Des phrases arrach\u00e9es au temps lin\u00e9aire sont mises en r\u00e9volution, certaines se r\u00e9p\u00e8tent, est-ce le personnage qui r\u00e9p\u00e8te le mot, est-ce le compositeur qui le met en orbite (comme le mot \u201cdoudou\u201d tout au d\u00e9but). Le mot n\u2019est-il pas le \u201cdoudou\u201d par excellence, l\u2019objet transitionnel absolu?<br \/>\nDeux enfants parlent, peu importe s\u2019ils \u201cse\u201d parlent.<br \/>\nLe son de la musique concr\u00e8te, le son des voix sans l\u2019image nous d\u00e9livre du psychologisme du cin\u00e9ma, lequel nous fait chercher dans les images et les visages, le contenu des \u00e2mes, le sens des paroles, et les relations entre les personnages.<br \/>\nIci, les enfants parlent, et autour d\u2019eux les mots qu\u2019ils disent se propagent, ils leurs \u00e9chappent, les mots r\u00eavent.\u00a0\u00a0 \u00a0Un duo dans un m\u00e9lodrame concret, cela n\u2019a pas le m\u00eame sens que dans l\u2019op\u00e9ra &#8211; ici les corps ne sont pas vus, nous ne voyons pas ce que voient ceux qui parlent, se regardent-ils en se parlant?<br \/>\nDans la plupart des m\u00e9lodrames de musique concr\u00e8te avec personnage, on assiste \u00e0 une succession de monologues, et ainsi les personnages semblent parler au micro. Mais ici ils sont deux et ainsi se parlent l\u2019un \u00e0 l\u2019autre, l\u2019un de l\u2019autre, l\u2019un \u00e0 c\u00f4t\u00e9 de l\u2019autre, alors je les imagine de dos ou de profil. Ou pench\u00e9s comme on aime voir les enfants sur quelque chose, consid\u00e9rant quelque chose qui les captive. . Quelque chose de myst\u00e9rieux relie ces deux \u00eatres en devenir, avec leur myst\u00e9rieux destin d\u2019adulte devant eux, devant elle, devant lui.<br \/>\nCe myst\u00e8re aussi, dans cette oeuvre: dans le m\u00e9lodrame concret, quand un personnage se tait, il est toujours l\u00e0. On ne peut pas le faire dispara\u00eetre du champ;\u00a0 en un sens, d\u2019un bout \u00e0 l\u2019autre de cette oeuvre lumineuse et po\u00e9tique, nous sommes toujours avec eux, Hadrien et Ad\u00e8le, Ad\u00e8le et Hadrien.<\/p>\n<p>Michel Chion<span class=\"reference\"><br \/>\n<\/span><\/p>\n","protected":false},"excerpt":{"rendered":"<p class=\"reference\">Lionel Marchetti est compositeur de musique concr\u00e8te. Il a compos\u00e9 au Groupe de Recherches Musicales de Paris (INA-GRM) depuis 1993, ainsi que dans son studio personnel. Ses compositions sont \u00e9dit\u00e9es dans divers labels, en France et \u00e0 l\u2019\u00e9tranger : M\u00e9tamkine (France), Goundfault (USA), Fringes (Italie), Musica Genera (Pologne)&#8230; et diffus\u00e9es en Europe par Metamkine.com<br \/>\nIl a \u00e9galement \u00e9crit deux essais : La musique concr\u00e8te de Michel Chion (1998) \u00e9d. Metamkine et Haut-parleur, voix et miroir (2003) \u00e9d. Revue et Corrig\u00e9.<br \/>\nPour d\u00e9finir sa musique il est possible de reprendre l\u2019adage de l\u2019\u00e9crivain Kenneth White :<br \/>\n\u00a0\u00bb Concret ou abstrait ? J\u2019aime l\u2019abstrait o\u00f9 subsiste un souvenir de substance, le concret qui s\u2019affine aux fronti\u00e8res du vide. \u00ab\u00a0<\/p>\n<p class=\"reference\">Olivier Capparos est philosophe, compositeur, peintre et \u00e9crivain. Sa recherche et sa production regardent diff\u00e9rents domaines intellectuels et artistiques<\/p>\n","protected":false},"featured_media":2357,"template":"","meta":{"_links_to":"","_links_to_target":""},"product_brand":[],"product_cat":[25],"product_tag":[],"class_list":{"0":"post-2356","1":"product","2":"type-product","3":"status-publish","4":"has-post-thumbnail","6":"product_cat-records","8":"first","9":"outofstock","10":"shipping-taxable","11":"product-type-simple"},"yoast_head":"<!-- This site is optimized with the Yoast SEO plugin v26.6 - https:\/\/yoast.com\/wordpress\/plugins\/seo\/ -->\n<title>Lionel Marchetti, Ad\u00e8le et Hadrien (OS.033) 2xCD - Optical Sound<\/title>\n<meta name=\"robots\" content=\"index, follow, max-snippet:-1, max-image-preview:large, max-video-preview:-1\" \/>\n<link rel=\"canonical\" href=\"https:\/\/optical-sound.com\/wp\/produit\/lionel-marchetti-adele-et-hadrien-os-033-2xcd\/\" \/>\n<meta property=\"og:locale\" content=\"fr_FR\" \/>\n<meta property=\"og:type\" content=\"article\" \/>\n<meta property=\"og:title\" content=\"Lionel Marchetti, Ad\u00e8le et Hadrien (OS.033) 2xCD - Optical Sound\" \/>\n<meta property=\"og:description\" content=\"Lionel Marchetti est compositeur de musique concr\u00e8te. Il a compos\u00e9 au Groupe de Recherches Musicales de Paris (INA-GRM) depuis 1993, ainsi que dans son studio personnel. Ses compositions sont \u00e9dit\u00e9es dans divers labels, en France et \u00e0 l\u2019\u00e9tranger : M\u00e9tamkine (France), Goundfault (USA), Fringes (Italie), Musica Genera (Pologne)... et diffus\u00e9es en Europe par Metamkine.com Il a \u00e9galement \u00e9crit deux essais : La musique concr\u00e8te de Michel Chion (1998) \u00e9d. Metamkine et Haut-parleur, voix et miroir (2003) \u00e9d. Revue et Corrig\u00e9. Pour d\u00e9finir sa musique il est possible de reprendre l\u2019adage de l\u2019\u00e9crivain Kenneth White : &quot; Concret ou abstrait ? J\u2019aime l\u2019abstrait o\u00f9 subsiste un souvenir de substance, le concret qui s\u2019affine aux fronti\u00e8res du vide. &quot; Olivier Capparos est philosophe, compositeur, peintre et \u00e9crivain. Sa recherche et sa production regardent diff\u00e9rents domaines intellectuels et artistiques\" \/>\n<meta property=\"og:url\" content=\"https:\/\/optical-sound.com\/wp\/produit\/lionel-marchetti-adele-et-hadrien-os-033-2xcd\/\" \/>\n<meta property=\"og:site_name\" content=\"Optical Sound\" \/>\n<meta property=\"article:modified_time\" content=\"2021-05-16T16:38:04+00:00\" \/>\n<meta property=\"og:image\" content=\"https:\/\/optical-sound.com\/wp\/wp-content\/uploads\/2021\/05\/marchetti-recto.jpg\" \/>\n\t<meta property=\"og:image:width\" content=\"1632\" \/>\n\t<meta property=\"og:image:height\" content=\"1488\" \/>\n\t<meta property=\"og:image:type\" content=\"image\/jpeg\" \/>\n<meta name=\"twitter:card\" content=\"summary_large_image\" \/>\n<meta name=\"twitter:label1\" content=\"Dur\u00e9e de lecture estim\u00e9e\" \/>\n\t<meta name=\"twitter:data1\" content=\"6 minutes\" \/>\n<script type=\"application\/ld+json\" class=\"yoast-schema-graph\">{\"@context\":\"https:\/\/schema.org\",\"@graph\":[{\"@type\":\"WebPage\",\"@id\":\"https:\/\/optical-sound.com\/wp\/produit\/lionel-marchetti-adele-et-hadrien-os-033-2xcd\/\",\"url\":\"https:\/\/optical-sound.com\/wp\/produit\/lionel-marchetti-adele-et-hadrien-os-033-2xcd\/\",\"name\":\"Lionel Marchetti, Ad\u00e8le et Hadrien (OS.033) 2xCD - Optical Sound\",\"isPartOf\":{\"@id\":\"https:\/\/optical-sound.com\/wp\/#website\"},\"primaryImageOfPage\":{\"@id\":\"https:\/\/optical-sound.com\/wp\/produit\/lionel-marchetti-adele-et-hadrien-os-033-2xcd\/#primaryimage\"},\"image\":{\"@id\":\"https:\/\/optical-sound.com\/wp\/produit\/lionel-marchetti-adele-et-hadrien-os-033-2xcd\/#primaryimage\"},\"thumbnailUrl\":\"https:\/\/optical-sound.com\/wp\/wp-content\/uploads\/2021\/05\/marchetti-recto.jpg\",\"datePublished\":\"2021-05-16T16:37:24+00:00\",\"dateModified\":\"2021-05-16T16:38:04+00:00\",\"breadcrumb\":{\"@id\":\"https:\/\/optical-sound.com\/wp\/produit\/lionel-marchetti-adele-et-hadrien-os-033-2xcd\/#breadcrumb\"},\"inLanguage\":\"fr-FR\",\"potentialAction\":[{\"@type\":\"ReadAction\",\"target\":[\"https:\/\/optical-sound.com\/wp\/produit\/lionel-marchetti-adele-et-hadrien-os-033-2xcd\/\"]}]},{\"@type\":\"ImageObject\",\"inLanguage\":\"fr-FR\",\"@id\":\"https:\/\/optical-sound.com\/wp\/produit\/lionel-marchetti-adele-et-hadrien-os-033-2xcd\/#primaryimage\",\"url\":\"https:\/\/optical-sound.com\/wp\/wp-content\/uploads\/2021\/05\/marchetti-recto.jpg\",\"contentUrl\":\"https:\/\/optical-sound.com\/wp\/wp-content\/uploads\/2021\/05\/marchetti-recto.jpg\",\"width\":1632,\"height\":1488},{\"@type\":\"BreadcrumbList\",\"@id\":\"https:\/\/optical-sound.com\/wp\/produit\/lionel-marchetti-adele-et-hadrien-os-033-2xcd\/#breadcrumb\",\"itemListElement\":[{\"@type\":\"ListItem\",\"position\":1,\"name\":\"Accueil\",\"item\":\"https:\/\/optical-sound.com\/wp\/\"},{\"@type\":\"ListItem\",\"position\":2,\"name\":\"Boutique\",\"item\":\"https:\/\/optical-sound.com\/wp\/boutique\/\"},{\"@type\":\"ListItem\",\"position\":3,\"name\":\"Lionel Marchetti, Ad\u00e8le et Hadrien (OS.033) 2xCD\"}]},{\"@type\":\"WebSite\",\"@id\":\"https:\/\/optical-sound.com\/wp\/#website\",\"url\":\"https:\/\/optical-sound.com\/wp\/\",\"name\":\"Optical Sound\",\"description\":\"\",\"publisher\":{\"@id\":\"https:\/\/optical-sound.com\/wp\/#organization\"},\"potentialAction\":[{\"@type\":\"SearchAction\",\"target\":{\"@type\":\"EntryPoint\",\"urlTemplate\":\"https:\/\/optical-sound.com\/wp\/?s={search_term_string}\"},\"query-input\":{\"@type\":\"PropertyValueSpecification\",\"valueRequired\":true,\"valueName\":\"search_term_string\"}}],\"inLanguage\":\"fr-FR\"},{\"@type\":\"Organization\",\"@id\":\"https:\/\/optical-sound.com\/wp\/#organization\",\"name\":\"Optical Sound\",\"url\":\"https:\/\/optical-sound.com\/wp\/\",\"logo\":{\"@type\":\"ImageObject\",\"inLanguage\":\"fr-FR\",\"@id\":\"https:\/\/optical-sound.com\/wp\/#\/schema\/logo\/image\/\",\"url\":\"https:\/\/optical-sound.com\/wp\/wp-content\/uploads\/2019\/03\/titre.png\",\"contentUrl\":\"https:\/\/optical-sound.com\/wp\/wp-content\/uploads\/2019\/03\/titre.png\",\"width\":1250,\"height\":557,\"caption\":\"Optical Sound\"},\"image\":{\"@id\":\"https:\/\/optical-sound.com\/wp\/#\/schema\/logo\/image\/\"}}]}<\/script>\n<!-- \/ Yoast SEO plugin. -->","yoast_head_json":{"title":"Lionel Marchetti, Ad\u00e8le et Hadrien (OS.033) 2xCD - Optical Sound","robots":{"index":"index","follow":"follow","max-snippet":"max-snippet:-1","max-image-preview":"max-image-preview:large","max-video-preview":"max-video-preview:-1"},"canonical":"https:\/\/optical-sound.com\/wp\/produit\/lionel-marchetti-adele-et-hadrien-os-033-2xcd\/","og_locale":"fr_FR","og_type":"article","og_title":"Lionel Marchetti, Ad\u00e8le et Hadrien (OS.033) 2xCD - Optical Sound","og_description":"Lionel Marchetti est compositeur de musique concr\u00e8te. Il a compos\u00e9 au Groupe de Recherches Musicales de Paris (INA-GRM) depuis 1993, ainsi que dans son studio personnel. Ses compositions sont \u00e9dit\u00e9es dans divers labels, en France et \u00e0 l\u2019\u00e9tranger : M\u00e9tamkine (France), Goundfault (USA), Fringes (Italie), Musica Genera (Pologne)... et diffus\u00e9es en Europe par Metamkine.com Il a \u00e9galement \u00e9crit deux essais : La musique concr\u00e8te de Michel Chion (1998) \u00e9d. Metamkine et Haut-parleur, voix et miroir (2003) \u00e9d. Revue et Corrig\u00e9. Pour d\u00e9finir sa musique il est possible de reprendre l\u2019adage de l\u2019\u00e9crivain Kenneth White : \" Concret ou abstrait ? J\u2019aime l\u2019abstrait o\u00f9 subsiste un souvenir de substance, le concret qui s\u2019affine aux fronti\u00e8res du vide. \" Olivier Capparos est philosophe, compositeur, peintre et \u00e9crivain. Sa recherche et sa production regardent diff\u00e9rents domaines intellectuels et artistiques","og_url":"https:\/\/optical-sound.com\/wp\/produit\/lionel-marchetti-adele-et-hadrien-os-033-2xcd\/","og_site_name":"Optical Sound","article_modified_time":"2021-05-16T16:38:04+00:00","og_image":[{"width":1632,"height":1488,"url":"https:\/\/optical-sound.com\/wp\/wp-content\/uploads\/2021\/05\/marchetti-recto.jpg","type":"image\/jpeg"}],"twitter_card":"summary_large_image","twitter_misc":{"Dur\u00e9e de lecture estim\u00e9e":"6 minutes"},"schema":{"@context":"https:\/\/schema.org","@graph":[{"@type":"WebPage","@id":"https:\/\/optical-sound.com\/wp\/produit\/lionel-marchetti-adele-et-hadrien-os-033-2xcd\/","url":"https:\/\/optical-sound.com\/wp\/produit\/lionel-marchetti-adele-et-hadrien-os-033-2xcd\/","name":"Lionel Marchetti, Ad\u00e8le et Hadrien (OS.033) 2xCD - Optical Sound","isPartOf":{"@id":"https:\/\/optical-sound.com\/wp\/#website"},"primaryImageOfPage":{"@id":"https:\/\/optical-sound.com\/wp\/produit\/lionel-marchetti-adele-et-hadrien-os-033-2xcd\/#primaryimage"},"image":{"@id":"https:\/\/optical-sound.com\/wp\/produit\/lionel-marchetti-adele-et-hadrien-os-033-2xcd\/#primaryimage"},"thumbnailUrl":"https:\/\/optical-sound.com\/wp\/wp-content\/uploads\/2021\/05\/marchetti-recto.jpg","datePublished":"2021-05-16T16:37:24+00:00","dateModified":"2021-05-16T16:38:04+00:00","breadcrumb":{"@id":"https:\/\/optical-sound.com\/wp\/produit\/lionel-marchetti-adele-et-hadrien-os-033-2xcd\/#breadcrumb"},"inLanguage":"fr-FR","potentialAction":[{"@type":"ReadAction","target":["https:\/\/optical-sound.com\/wp\/produit\/lionel-marchetti-adele-et-hadrien-os-033-2xcd\/"]}]},{"@type":"ImageObject","inLanguage":"fr-FR","@id":"https:\/\/optical-sound.com\/wp\/produit\/lionel-marchetti-adele-et-hadrien-os-033-2xcd\/#primaryimage","url":"https:\/\/optical-sound.com\/wp\/wp-content\/uploads\/2021\/05\/marchetti-recto.jpg","contentUrl":"https:\/\/optical-sound.com\/wp\/wp-content\/uploads\/2021\/05\/marchetti-recto.jpg","width":1632,"height":1488},{"@type":"BreadcrumbList","@id":"https:\/\/optical-sound.com\/wp\/produit\/lionel-marchetti-adele-et-hadrien-os-033-2xcd\/#breadcrumb","itemListElement":[{"@type":"ListItem","position":1,"name":"Accueil","item":"https:\/\/optical-sound.com\/wp\/"},{"@type":"ListItem","position":2,"name":"Boutique","item":"https:\/\/optical-sound.com\/wp\/boutique\/"},{"@type":"ListItem","position":3,"name":"Lionel Marchetti, Ad\u00e8le et Hadrien (OS.033) 2xCD"}]},{"@type":"WebSite","@id":"https:\/\/optical-sound.com\/wp\/#website","url":"https:\/\/optical-sound.com\/wp\/","name":"Optical Sound","description":"","publisher":{"@id":"https:\/\/optical-sound.com\/wp\/#organization"},"potentialAction":[{"@type":"SearchAction","target":{"@type":"EntryPoint","urlTemplate":"https:\/\/optical-sound.com\/wp\/?s={search_term_string}"},"query-input":{"@type":"PropertyValueSpecification","valueRequired":true,"valueName":"search_term_string"}}],"inLanguage":"fr-FR"},{"@type":"Organization","@id":"https:\/\/optical-sound.com\/wp\/#organization","name":"Optical Sound","url":"https:\/\/optical-sound.com\/wp\/","logo":{"@type":"ImageObject","inLanguage":"fr-FR","@id":"https:\/\/optical-sound.com\/wp\/#\/schema\/logo\/image\/","url":"https:\/\/optical-sound.com\/wp\/wp-content\/uploads\/2019\/03\/titre.png","contentUrl":"https:\/\/optical-sound.com\/wp\/wp-content\/uploads\/2019\/03\/titre.png","width":1250,"height":557,"caption":"Optical Sound"},"image":{"@id":"https:\/\/optical-sound.com\/wp\/#\/schema\/logo\/image\/"}}]}},"acf":[],"_links":{"self":[{"href":"https:\/\/optical-sound.com\/wp\/wp-json\/wp\/v2\/product\/2356","targetHints":{"allow":["GET"]}}],"collection":[{"href":"https:\/\/optical-sound.com\/wp\/wp-json\/wp\/v2\/product"}],"about":[{"href":"https:\/\/optical-sound.com\/wp\/wp-json\/wp\/v2\/types\/product"}],"wp:featuredmedia":[{"embeddable":true,"href":"https:\/\/optical-sound.com\/wp\/wp-json\/wp\/v2\/media\/2357"}],"wp:attachment":[{"href":"https:\/\/optical-sound.com\/wp\/wp-json\/wp\/v2\/media?parent=2356"}],"wp:term":[{"taxonomy":"product_brand","embeddable":true,"href":"https:\/\/optical-sound.com\/wp\/wp-json\/wp\/v2\/product_brand?post=2356"},{"taxonomy":"product_cat","embeddable":true,"href":"https:\/\/optical-sound.com\/wp\/wp-json\/wp\/v2\/product_cat?post=2356"},{"taxonomy":"product_tag","embeddable":true,"href":"https:\/\/optical-sound.com\/wp\/wp-json\/wp\/v2\/product_tag?post=2356"}],"curies":[{"name":"wp","href":"https:\/\/api.w.org\/{rel}","templated":true}]}}