{"id":3074,"date":"2025-04-28T15:28:11","date_gmt":"2025-04-28T13:28:11","guid":{"rendered":"https:\/\/optical-sound.com\/wp\/?post_type=product&#038;p=3074"},"modified":"2025-04-29T09:54:34","modified_gmt":"2025-04-29T07:54:34","slug":"bidibop-merry-go-round-os-014","status":"publish","type":"product","link":"https:\/\/optical-sound.com\/wp\/produit\/bidibop-merry-go-round-os-014\/","title":{"rendered":"Bidibop, Merry Go Round (OS.014)"},"content":{"rendered":"<p>Suite \u00e0 la s\u00e9paration du groupe post-rock &lsquo;un automne \u00e0 Lob-Nor&rsquo;,<br \/>\nVincent NICOLAS d\u00e9cide de r\u00e9v\u00e8ler ses travaux personnels sous le<br \/>\npseudonyme de bidibop. Une premi\u00e8re apparition sur les compilations du<br \/>\nlabel Aspic Records d\u00e9voile une pop en \u00e9quilibre fragile entre<br \/>\nm\u00e9lancolie et enchantement, construite \u00e0 base de sons de vieux<br \/>\nsynth\u00e9tiseurs.<\/p>\n<p>C&rsquo;est dans cette m\u00eame voie que sort en mars 2005 son premier album sur<br \/>\nle label belge Carte Postale Records (www.cartepostalerecords.be), dans<br \/>\nlequel la musique de bidibop s&rsquo;enrichie d&rsquo;arrangements plus marqu\u00e9s.<\/p>\n<p>Avec ce nouvel album, c&rsquo;est encore une marche significative qui est<br \/>\nfranchie. Les sonorit\u00e9es s&rsquo;\u00e9claircissent, tant par le d\u00e9ploiement de<br \/>\nsons de guitares trait\u00e9es que par une production plus affut\u00e9e, comme<br \/>\npour mieux faire place \u00e0 des m\u00e9lodies toujours plus fleurissantes et<br \/>\nauxquelles viennent se greffer un chant murmur\u00e9 apaisant. Les 10 titres<br \/>\nde &lsquo;merry-go-round&rsquo; passent comme une douce journ\u00e9e printani\u00e8re o\u00f9 rien<br \/>\nne saurait d\u00e9ranger la tranquilit\u00e9 ambiante.<\/p>\n","protected":false},"excerpt":{"rendered":"<p><iframe style=\"border: 0; width: 400px; height: 439px;\" src=\"https:\/\/bandcamp.com\/EmbeddedPlayer\/album=2338032652\/size=large\/bgcol=ffffff\/linkcol=0687f5\/artwork=small\/transparent=true\/\" seamless=\"\"><a href=\"https:\/\/optical-sound.bandcamp.com\/album\/merry-go-round-os-014\">Merry Go round (OS.014) by Bidibop<\/a><\/iframe><\/p>\n<p>Deuxie\u0300me opus et divorce annonce\u0301 avec l&rsquo;e\u0301lectronica pour Vincent Nicolas. Comme nombre d&rsquo;aficionados de la musique d&rsquo;ordinateur, il infuse un peu de pop dans des nappes e\u0301lectroniques re\u0302veuses. Bon point de de\u0301part, le morceau introductif \u00ab\u00a0Krop\u00a0\u00bb re\u0301veille en nous le My Bloody Valentine de la pe\u0301riode \u00ab\u00a0Loveless\u00a0\u00bb, soit la plus juste re\u0301union re\u0301ussie a\u0300 ce jour entre me\u0301lodies pop et e\u0301lectronique dissonante. Pour autant, le propos de Bidibop est le\u0301ger, vaguement me\u0301lancolique. Les machines dont il use ne sont pas de la dernie\u0300re e\u0301poque, et ses tonalite\u0301s s&rsquo;en ressentent. Il trouve ainsi un supple\u0301ment d&rsquo;a\u0302me par rapport a\u0300 d&rsquo;autres tenants de l&rsquo;electro pop. Jamais tubesques, ces comptines-la\u0300 restent cependant suffisamment en te\u0302te pour achever de nous se\u0301duire. Avec \u00ab\u00a0Merry go round\u00a0\u00bb, les cycles se comple\u0300tent et jamais ne s&rsquo;ache\u0300vent, dressant un pont entre les musiques e\u0301lectroniques de toutes les e\u0301poques.<\/p>\n<div class=\"page\" title=\"Page 1\">\n<div class=\"section\">\n<div class=\"layoutArea\">\n<div class=\"column\">\n<p>Le 21\/03\/2006 par Vincent Michaud<\/p>\n<\/div>\n<\/div>\n<\/div>\n<\/div>\n","protected":false},"featured_media":3075,"template":"","meta":{"_links_to":"","_links_to_target":""},"product_brand":[],"product_cat":[25,32],"product_tag":[],"class_list":{"0":"post-3074","1":"product","2":"type-product","3":"status-publish","4":"has-post-thumbnail","6":"product_cat-records","7":"product_cat-records-division","9":"first","10":"instock","11":"shipping-taxable","12":"purchasable","13":"product-type-simple"},"yoast_head":"<!-- This site is optimized with the Yoast SEO plugin v26.6 - https:\/\/yoast.com\/wordpress\/plugins\/seo\/ -->\n<title>Bidibop, Merry Go Round (OS.014) - Optical Sound<\/title>\n<meta name=\"robots\" content=\"index, follow, max-snippet:-1, max-image-preview:large, max-video-preview:-1\" \/>\n<link rel=\"canonical\" href=\"https:\/\/optical-sound.com\/wp\/produit\/bidibop-merry-go-round-os-014\/\" \/>\n<meta property=\"og:locale\" content=\"fr_FR\" \/>\n<meta property=\"og:type\" content=\"article\" \/>\n<meta property=\"og:title\" content=\"Bidibop, Merry Go Round (OS.014) - Optical Sound\" \/>\n<meta property=\"og:description\" content=\"Merry Go round (OS.014) by Bidibop  Deuxie\u0300me opus et divorce annonce\u0301 avec l&#039;e\u0301lectronica pour Vincent Nicolas. Comme nombre d&#039;aficionados de la musique d&#039;ordinateur, il infuse un peu de pop dans des nappes e\u0301lectroniques re\u0302veuses. Bon point de de\u0301part, le morceau introductif &quot;Krop&quot; re\u0301veille en nous le My Bloody Valentine de la pe\u0301riode &quot;Loveless&quot;, soit la plus juste re\u0301union re\u0301ussie a\u0300 ce jour entre me\u0301lodies pop et e\u0301lectronique dissonante. Pour autant, le propos de Bidibop est le\u0301ger, vaguement me\u0301lancolique. Les machines dont il use ne sont pas de la dernie\u0300re e\u0301poque, et ses tonalite\u0301s s&#039;en ressentent. Il trouve ainsi un supple\u0301ment d&#039;a\u0302me par rapport a\u0300 d&#039;autres tenants de l&#039;electro pop. Jamais tubesques, ces comptines-la\u0300 restent cependant suffisamment en te\u0302te pour achever de nous se\u0301duire. Avec &quot;Merry go round&quot;, les cycles se comple\u0300tent et jamais ne s&#039;ache\u0300vent, dressant un pont entre les musiques e\u0301lectroniques de toutes les e\u0301poques.      Le 21\/03\/2006 par Vincent Michaud\" \/>\n<meta property=\"og:url\" content=\"https:\/\/optical-sound.com\/wp\/produit\/bidibop-merry-go-round-os-014\/\" \/>\n<meta property=\"og:site_name\" content=\"Optical Sound\" \/>\n<meta property=\"article:modified_time\" content=\"2025-04-29T07:54:34+00:00\" \/>\n<meta property=\"og:image\" content=\"https:\/\/optical-sound.com\/wp\/wp-content\/uploads\/2025\/04\/bidibop.jpg\" \/>\n\t<meta property=\"og:image:width\" content=\"1429\" \/>\n\t<meta property=\"og:image:height\" content=\"1417\" \/>\n\t<meta property=\"og:image:type\" content=\"image\/jpeg\" \/>\n<meta name=\"twitter:card\" content=\"summary_large_image\" \/>\n<meta name=\"twitter:label1\" content=\"Dur\u00e9e de lecture estim\u00e9e\" \/>\n\t<meta name=\"twitter:data1\" content=\"1 minute\" \/>\n<script type=\"application\/ld+json\" class=\"yoast-schema-graph\">{\"@context\":\"https:\/\/schema.org\",\"@graph\":[{\"@type\":\"WebPage\",\"@id\":\"https:\/\/optical-sound.com\/wp\/produit\/bidibop-merry-go-round-os-014\/\",\"url\":\"https:\/\/optical-sound.com\/wp\/produit\/bidibop-merry-go-round-os-014\/\",\"name\":\"Bidibop, Merry Go Round (OS.014) - Optical Sound\",\"isPartOf\":{\"@id\":\"https:\/\/optical-sound.com\/wp\/#website\"},\"primaryImageOfPage\":{\"@id\":\"https:\/\/optical-sound.com\/wp\/produit\/bidibop-merry-go-round-os-014\/#primaryimage\"},\"image\":{\"@id\":\"https:\/\/optical-sound.com\/wp\/produit\/bidibop-merry-go-round-os-014\/#primaryimage\"},\"thumbnailUrl\":\"https:\/\/optical-sound.com\/wp\/wp-content\/uploads\/2025\/04\/bidibop.jpg\",\"datePublished\":\"2025-04-28T13:28:11+00:00\",\"dateModified\":\"2025-04-29T07:54:34+00:00\",\"breadcrumb\":{\"@id\":\"https:\/\/optical-sound.com\/wp\/produit\/bidibop-merry-go-round-os-014\/#breadcrumb\"},\"inLanguage\":\"fr-FR\",\"potentialAction\":[{\"@type\":\"ReadAction\",\"target\":[\"https:\/\/optical-sound.com\/wp\/produit\/bidibop-merry-go-round-os-014\/\"]}]},{\"@type\":\"ImageObject\",\"inLanguage\":\"fr-FR\",\"@id\":\"https:\/\/optical-sound.com\/wp\/produit\/bidibop-merry-go-round-os-014\/#primaryimage\",\"url\":\"https:\/\/optical-sound.com\/wp\/wp-content\/uploads\/2025\/04\/bidibop.jpg\",\"contentUrl\":\"https:\/\/optical-sound.com\/wp\/wp-content\/uploads\/2025\/04\/bidibop.jpg\",\"width\":1429,\"height\":1417},{\"@type\":\"BreadcrumbList\",\"@id\":\"https:\/\/optical-sound.com\/wp\/produit\/bidibop-merry-go-round-os-014\/#breadcrumb\",\"itemListElement\":[{\"@type\":\"ListItem\",\"position\":1,\"name\":\"Accueil\",\"item\":\"https:\/\/optical-sound.com\/wp\/\"},{\"@type\":\"ListItem\",\"position\":2,\"name\":\"Boutique\",\"item\":\"https:\/\/optical-sound.com\/wp\/boutique\/\"},{\"@type\":\"ListItem\",\"position\":3,\"name\":\"Bidibop, Merry Go Round (OS.014)\"}]},{\"@type\":\"WebSite\",\"@id\":\"https:\/\/optical-sound.com\/wp\/#website\",\"url\":\"https:\/\/optical-sound.com\/wp\/\",\"name\":\"Optical Sound\",\"description\":\"\",\"publisher\":{\"@id\":\"https:\/\/optical-sound.com\/wp\/#organization\"},\"potentialAction\":[{\"@type\":\"SearchAction\",\"target\":{\"@type\":\"EntryPoint\",\"urlTemplate\":\"https:\/\/optical-sound.com\/wp\/?s={search_term_string}\"},\"query-input\":{\"@type\":\"PropertyValueSpecification\",\"valueRequired\":true,\"valueName\":\"search_term_string\"}}],\"inLanguage\":\"fr-FR\"},{\"@type\":\"Organization\",\"@id\":\"https:\/\/optical-sound.com\/wp\/#organization\",\"name\":\"Optical Sound\",\"url\":\"https:\/\/optical-sound.com\/wp\/\",\"logo\":{\"@type\":\"ImageObject\",\"inLanguage\":\"fr-FR\",\"@id\":\"https:\/\/optical-sound.com\/wp\/#\/schema\/logo\/image\/\",\"url\":\"https:\/\/optical-sound.com\/wp\/wp-content\/uploads\/2019\/03\/titre.png\",\"contentUrl\":\"https:\/\/optical-sound.com\/wp\/wp-content\/uploads\/2019\/03\/titre.png\",\"width\":1250,\"height\":557,\"caption\":\"Optical Sound\"},\"image\":{\"@id\":\"https:\/\/optical-sound.com\/wp\/#\/schema\/logo\/image\/\"}}]}<\/script>\n<!-- \/ Yoast SEO plugin. -->","yoast_head_json":{"title":"Bidibop, Merry Go Round (OS.014) - Optical Sound","robots":{"index":"index","follow":"follow","max-snippet":"max-snippet:-1","max-image-preview":"max-image-preview:large","max-video-preview":"max-video-preview:-1"},"canonical":"https:\/\/optical-sound.com\/wp\/produit\/bidibop-merry-go-round-os-014\/","og_locale":"fr_FR","og_type":"article","og_title":"Bidibop, Merry Go Round (OS.014) - Optical Sound","og_description":"Merry Go round (OS.014) by Bidibop  Deuxie\u0300me opus et divorce annonce\u0301 avec l'e\u0301lectronica pour Vincent Nicolas. Comme nombre d'aficionados de la musique d'ordinateur, il infuse un peu de pop dans des nappes e\u0301lectroniques re\u0302veuses. Bon point de de\u0301part, le morceau introductif \"Krop\" re\u0301veille en nous le My Bloody Valentine de la pe\u0301riode \"Loveless\", soit la plus juste re\u0301union re\u0301ussie a\u0300 ce jour entre me\u0301lodies pop et e\u0301lectronique dissonante. Pour autant, le propos de Bidibop est le\u0301ger, vaguement me\u0301lancolique. Les machines dont il use ne sont pas de la dernie\u0300re e\u0301poque, et ses tonalite\u0301s s'en ressentent. Il trouve ainsi un supple\u0301ment d'a\u0302me par rapport a\u0300 d'autres tenants de l'electro pop. Jamais tubesques, ces comptines-la\u0300 restent cependant suffisamment en te\u0302te pour achever de nous se\u0301duire. Avec \"Merry go round\", les cycles se comple\u0300tent et jamais ne s'ache\u0300vent, dressant un pont entre les musiques e\u0301lectroniques de toutes les e\u0301poques.      Le 21\/03\/2006 par Vincent Michaud","og_url":"https:\/\/optical-sound.com\/wp\/produit\/bidibop-merry-go-round-os-014\/","og_site_name":"Optical Sound","article_modified_time":"2025-04-29T07:54:34+00:00","og_image":[{"width":1429,"height":1417,"url":"https:\/\/optical-sound.com\/wp\/wp-content\/uploads\/2025\/04\/bidibop.jpg","type":"image\/jpeg"}],"twitter_card":"summary_large_image","twitter_misc":{"Dur\u00e9e de lecture estim\u00e9e":"1 minute"},"schema":{"@context":"https:\/\/schema.org","@graph":[{"@type":"WebPage","@id":"https:\/\/optical-sound.com\/wp\/produit\/bidibop-merry-go-round-os-014\/","url":"https:\/\/optical-sound.com\/wp\/produit\/bidibop-merry-go-round-os-014\/","name":"Bidibop, Merry Go Round (OS.014) - Optical Sound","isPartOf":{"@id":"https:\/\/optical-sound.com\/wp\/#website"},"primaryImageOfPage":{"@id":"https:\/\/optical-sound.com\/wp\/produit\/bidibop-merry-go-round-os-014\/#primaryimage"},"image":{"@id":"https:\/\/optical-sound.com\/wp\/produit\/bidibop-merry-go-round-os-014\/#primaryimage"},"thumbnailUrl":"https:\/\/optical-sound.com\/wp\/wp-content\/uploads\/2025\/04\/bidibop.jpg","datePublished":"2025-04-28T13:28:11+00:00","dateModified":"2025-04-29T07:54:34+00:00","breadcrumb":{"@id":"https:\/\/optical-sound.com\/wp\/produit\/bidibop-merry-go-round-os-014\/#breadcrumb"},"inLanguage":"fr-FR","potentialAction":[{"@type":"ReadAction","target":["https:\/\/optical-sound.com\/wp\/produit\/bidibop-merry-go-round-os-014\/"]}]},{"@type":"ImageObject","inLanguage":"fr-FR","@id":"https:\/\/optical-sound.com\/wp\/produit\/bidibop-merry-go-round-os-014\/#primaryimage","url":"https:\/\/optical-sound.com\/wp\/wp-content\/uploads\/2025\/04\/bidibop.jpg","contentUrl":"https:\/\/optical-sound.com\/wp\/wp-content\/uploads\/2025\/04\/bidibop.jpg","width":1429,"height":1417},{"@type":"BreadcrumbList","@id":"https:\/\/optical-sound.com\/wp\/produit\/bidibop-merry-go-round-os-014\/#breadcrumb","itemListElement":[{"@type":"ListItem","position":1,"name":"Accueil","item":"https:\/\/optical-sound.com\/wp\/"},{"@type":"ListItem","position":2,"name":"Boutique","item":"https:\/\/optical-sound.com\/wp\/boutique\/"},{"@type":"ListItem","position":3,"name":"Bidibop, Merry Go Round (OS.014)"}]},{"@type":"WebSite","@id":"https:\/\/optical-sound.com\/wp\/#website","url":"https:\/\/optical-sound.com\/wp\/","name":"Optical Sound","description":"","publisher":{"@id":"https:\/\/optical-sound.com\/wp\/#organization"},"potentialAction":[{"@type":"SearchAction","target":{"@type":"EntryPoint","urlTemplate":"https:\/\/optical-sound.com\/wp\/?s={search_term_string}"},"query-input":{"@type":"PropertyValueSpecification","valueRequired":true,"valueName":"search_term_string"}}],"inLanguage":"fr-FR"},{"@type":"Organization","@id":"https:\/\/optical-sound.com\/wp\/#organization","name":"Optical Sound","url":"https:\/\/optical-sound.com\/wp\/","logo":{"@type":"ImageObject","inLanguage":"fr-FR","@id":"https:\/\/optical-sound.com\/wp\/#\/schema\/logo\/image\/","url":"https:\/\/optical-sound.com\/wp\/wp-content\/uploads\/2019\/03\/titre.png","contentUrl":"https:\/\/optical-sound.com\/wp\/wp-content\/uploads\/2019\/03\/titre.png","width":1250,"height":557,"caption":"Optical Sound"},"image":{"@id":"https:\/\/optical-sound.com\/wp\/#\/schema\/logo\/image\/"}}]}},"acf":[],"_links":{"self":[{"href":"https:\/\/optical-sound.com\/wp\/wp-json\/wp\/v2\/product\/3074","targetHints":{"allow":["GET"]}}],"collection":[{"href":"https:\/\/optical-sound.com\/wp\/wp-json\/wp\/v2\/product"}],"about":[{"href":"https:\/\/optical-sound.com\/wp\/wp-json\/wp\/v2\/types\/product"}],"wp:featuredmedia":[{"embeddable":true,"href":"https:\/\/optical-sound.com\/wp\/wp-json\/wp\/v2\/media\/3075"}],"wp:attachment":[{"href":"https:\/\/optical-sound.com\/wp\/wp-json\/wp\/v2\/media?parent=3074"}],"wp:term":[{"taxonomy":"product_brand","embeddable":true,"href":"https:\/\/optical-sound.com\/wp\/wp-json\/wp\/v2\/product_brand?post=3074"},{"taxonomy":"product_cat","embeddable":true,"href":"https:\/\/optical-sound.com\/wp\/wp-json\/wp\/v2\/product_cat?post=3074"},{"taxonomy":"product_tag","embeddable":true,"href":"https:\/\/optical-sound.com\/wp\/wp-json\/wp\/v2\/product_tag?post=3074"}],"curies":[{"name":"wp","href":"https:\/\/api.w.org\/{rel}","templated":true}]}}