{"id":3296,"date":"2025-04-29T14:14:16","date_gmt":"2025-04-29T12:14:16","guid":{"rendered":"https:\/\/optical-sound.com\/wp\/?post_type=product&#038;p=3296"},"modified":"2025-04-29T14:29:14","modified_gmt":"2025-04-29T12:29:14","slug":"cecile-babiole-crumple-zone-os-dvd-002","status":"publish","type":"product","link":"https:\/\/optical-sound.com\/wp\/produit\/cecile-babiole-crumple-zone-os-dvd-002\/","title":{"rendered":"C\u00e9cile Babiole, Crumple Zone (DVD-OS.002)"},"content":{"rendered":"","protected":false},"excerpt":{"rendered":"<p>OS-DVD.002<br \/>\nhttp:\/\/www.optical-sound.com<\/p>\n<p>\u00ab\u00a0Avec le soutien du Minist\u00e8re de la Culture et de la Communication &#8211; Direction R\u00e9gionale des Affaires Culturelles d&rsquo; Alsace\u00a0\u00bb<\/p>\n<p>Charte graphique : www.digitalbaobab.net<br \/>\nGraphisme : Labomatic Paris<\/p>\n<p>C\u00e9cile Babiole \u00ab\u00a0Crumple Zone\u00a0\u00bb OS-DVD.002<\/p>\n<p>+<\/p>\n<p>&nbsp;<\/p>\n<p>\u00ab\u00a0Crumple zone\u00a0\u00bb en fran\u00e7ais (zone d&rsquo;\u00e9crasement ou de froissement d&rsquo;une voiture \u00e0 la suite d&rsquo;une collision) explore avec ironie les codes en vigueur dans les logiciels de repr\u00e9sentation en 3D. La mod\u00e9lisation, l&rsquo;animation des volumes, les principes de rendu des surfaces sont d\u00e9construits avec d\u00e9sinvolture \u00e0 travers 34 courtes pi\u00e8ces sonores o\u00f9 des porcelets en images de synth\u00e8se se font encastrer, froisser ou retourner comme des gants.<\/p>\n<p><a href=\"https:\/\/babiole.net\/projects\/53\" target=\"_blank\" rel=\"noopener\">http:\/\/www.babiole.net\/<\/a><\/p>\n[embed]https:\/\/vimeo.com\/5447982[\/embed]\n<p>&nbsp;<\/p>\n","protected":false},"featured_media":3297,"template":"","meta":{"_links_to":"","_links_to_target":""},"product_brand":[],"product_cat":[32],"product_tag":[],"class_list":{"0":"post-3296","1":"product","2":"type-product","3":"status-publish","4":"has-post-thumbnail","6":"product_cat-records-division","8":"first","9":"instock","10":"shipping-taxable","11":"purchasable","12":"product-type-simple"},"yoast_head":"<!-- This site is optimized with the Yoast SEO plugin v26.6 - https:\/\/yoast.com\/wordpress\/plugins\/seo\/ -->\n<title>C\u00e9cile Babiole, Crumple Zone (DVD-OS.002) - Optical Sound<\/title>\n<meta name=\"robots\" content=\"index, follow, max-snippet:-1, max-image-preview:large, max-video-preview:-1\" \/>\n<link rel=\"canonical\" href=\"https:\/\/optical-sound.com\/wp\/produit\/cecile-babiole-crumple-zone-os-dvd-002\/\" \/>\n<meta property=\"og:locale\" content=\"fr_FR\" \/>\n<meta property=\"og:type\" content=\"article\" \/>\n<meta property=\"og:title\" content=\"C\u00e9cile Babiole, Crumple Zone (DVD-OS.002) - Optical Sound\" \/>\n<meta property=\"og:description\" content=\"OS-DVD.002 http:\/\/www.optical-sound.com  &quot;Avec le soutien du Minist\u00e8re de la Culture et de la Communication - Direction R\u00e9gionale des Affaires Culturelles d&#039; Alsace&quot;  Charte graphique : www.digitalbaobab.net Graphisme : Labomatic Paris  C\u00e9cile Babiole &quot;Crumple Zone&quot; OS-DVD.002  +  &nbsp;  &quot;Crumple zone&quot; en fran\u00e7ais (zone d&#039;\u00e9crasement ou de froissement d&#039;une voiture \u00e0 la suite d&#039;une collision) explore avec ironie les codes en vigueur dans les logiciels de repr\u00e9sentation en 3D. La mod\u00e9lisation, l&#039;animation des volumes, les principes de rendu des surfaces sont d\u00e9construits avec d\u00e9sinvolture \u00e0 travers 34 courtes pi\u00e8ces sonores o\u00f9 des porcelets en images de synth\u00e8se se font encastrer, froisser ou retourner comme des gants.  http:\/\/www.babiole.net\/    &nbsp;\" \/>\n<meta property=\"og:url\" content=\"https:\/\/optical-sound.com\/wp\/produit\/cecile-babiole-crumple-zone-os-dvd-002\/\" \/>\n<meta property=\"og:site_name\" content=\"Optical Sound\" \/>\n<meta property=\"article:modified_time\" content=\"2025-04-29T12:29:14+00:00\" \/>\n<meta property=\"og:image\" content=\"https:\/\/optical-sound.com\/wp\/wp-content\/uploads\/2025\/04\/crumple-zone.jpg\" \/>\n\t<meta property=\"og:image:width\" content=\"531\" \/>\n\t<meta property=\"og:image:height\" content=\"776\" \/>\n\t<meta property=\"og:image:type\" content=\"image\/jpeg\" \/>\n<meta name=\"twitter:card\" content=\"summary_large_image\" \/>\n<meta name=\"twitter:label1\" content=\"Dur\u00e9e de lecture estim\u00e9e\" \/>\n\t<meta name=\"twitter:data1\" content=\"1 minute\" \/>\n<script type=\"application\/ld+json\" class=\"yoast-schema-graph\">{\"@context\":\"https:\/\/schema.org\",\"@graph\":[{\"@type\":\"WebPage\",\"@id\":\"https:\/\/optical-sound.com\/wp\/produit\/cecile-babiole-crumple-zone-os-dvd-002\/\",\"url\":\"https:\/\/optical-sound.com\/wp\/produit\/cecile-babiole-crumple-zone-os-dvd-002\/\",\"name\":\"C\u00e9cile Babiole, Crumple Zone (DVD-OS.002) - Optical Sound\",\"isPartOf\":{\"@id\":\"https:\/\/optical-sound.com\/wp\/#website\"},\"primaryImageOfPage\":{\"@id\":\"https:\/\/optical-sound.com\/wp\/produit\/cecile-babiole-crumple-zone-os-dvd-002\/#primaryimage\"},\"image\":{\"@id\":\"https:\/\/optical-sound.com\/wp\/produit\/cecile-babiole-crumple-zone-os-dvd-002\/#primaryimage\"},\"thumbnailUrl\":\"https:\/\/optical-sound.com\/wp\/wp-content\/uploads\/2025\/04\/crumple-zone.jpg\",\"datePublished\":\"2025-04-29T12:14:16+00:00\",\"dateModified\":\"2025-04-29T12:29:14+00:00\",\"breadcrumb\":{\"@id\":\"https:\/\/optical-sound.com\/wp\/produit\/cecile-babiole-crumple-zone-os-dvd-002\/#breadcrumb\"},\"inLanguage\":\"fr-FR\",\"potentialAction\":[{\"@type\":\"ReadAction\",\"target\":[\"https:\/\/optical-sound.com\/wp\/produit\/cecile-babiole-crumple-zone-os-dvd-002\/\"]}]},{\"@type\":\"ImageObject\",\"inLanguage\":\"fr-FR\",\"@id\":\"https:\/\/optical-sound.com\/wp\/produit\/cecile-babiole-crumple-zone-os-dvd-002\/#primaryimage\",\"url\":\"https:\/\/optical-sound.com\/wp\/wp-content\/uploads\/2025\/04\/crumple-zone.jpg\",\"contentUrl\":\"https:\/\/optical-sound.com\/wp\/wp-content\/uploads\/2025\/04\/crumple-zone.jpg\",\"width\":531,\"height\":776},{\"@type\":\"BreadcrumbList\",\"@id\":\"https:\/\/optical-sound.com\/wp\/produit\/cecile-babiole-crumple-zone-os-dvd-002\/#breadcrumb\",\"itemListElement\":[{\"@type\":\"ListItem\",\"position\":1,\"name\":\"Accueil\",\"item\":\"https:\/\/optical-sound.com\/wp\/\"},{\"@type\":\"ListItem\",\"position\":2,\"name\":\"Boutique\",\"item\":\"https:\/\/optical-sound.com\/wp\/boutique\/\"},{\"@type\":\"ListItem\",\"position\":3,\"name\":\"C\u00e9cile Babiole, Crumple Zone (DVD-OS.002)\"}]},{\"@type\":\"WebSite\",\"@id\":\"https:\/\/optical-sound.com\/wp\/#website\",\"url\":\"https:\/\/optical-sound.com\/wp\/\",\"name\":\"Optical Sound\",\"description\":\"\",\"publisher\":{\"@id\":\"https:\/\/optical-sound.com\/wp\/#organization\"},\"potentialAction\":[{\"@type\":\"SearchAction\",\"target\":{\"@type\":\"EntryPoint\",\"urlTemplate\":\"https:\/\/optical-sound.com\/wp\/?s={search_term_string}\"},\"query-input\":{\"@type\":\"PropertyValueSpecification\",\"valueRequired\":true,\"valueName\":\"search_term_string\"}}],\"inLanguage\":\"fr-FR\"},{\"@type\":\"Organization\",\"@id\":\"https:\/\/optical-sound.com\/wp\/#organization\",\"name\":\"Optical Sound\",\"url\":\"https:\/\/optical-sound.com\/wp\/\",\"logo\":{\"@type\":\"ImageObject\",\"inLanguage\":\"fr-FR\",\"@id\":\"https:\/\/optical-sound.com\/wp\/#\/schema\/logo\/image\/\",\"url\":\"https:\/\/optical-sound.com\/wp\/wp-content\/uploads\/2019\/03\/titre.png\",\"contentUrl\":\"https:\/\/optical-sound.com\/wp\/wp-content\/uploads\/2019\/03\/titre.png\",\"width\":1250,\"height\":557,\"caption\":\"Optical Sound\"},\"image\":{\"@id\":\"https:\/\/optical-sound.com\/wp\/#\/schema\/logo\/image\/\"}}]}<\/script>\n<!-- \/ Yoast SEO plugin. -->","yoast_head_json":{"title":"C\u00e9cile Babiole, Crumple Zone (DVD-OS.002) - Optical Sound","robots":{"index":"index","follow":"follow","max-snippet":"max-snippet:-1","max-image-preview":"max-image-preview:large","max-video-preview":"max-video-preview:-1"},"canonical":"https:\/\/optical-sound.com\/wp\/produit\/cecile-babiole-crumple-zone-os-dvd-002\/","og_locale":"fr_FR","og_type":"article","og_title":"C\u00e9cile Babiole, Crumple Zone (DVD-OS.002) - Optical Sound","og_description":"OS-DVD.002 http:\/\/www.optical-sound.com  \"Avec le soutien du Minist\u00e8re de la Culture et de la Communication - Direction R\u00e9gionale des Affaires Culturelles d' Alsace\"  Charte graphique : www.digitalbaobab.net Graphisme : Labomatic Paris  C\u00e9cile Babiole \"Crumple Zone\" OS-DVD.002  +  &nbsp;  \"Crumple zone\" en fran\u00e7ais (zone d'\u00e9crasement ou de froissement d'une voiture \u00e0 la suite d'une collision) explore avec ironie les codes en vigueur dans les logiciels de repr\u00e9sentation en 3D. La mod\u00e9lisation, l'animation des volumes, les principes de rendu des surfaces sont d\u00e9construits avec d\u00e9sinvolture \u00e0 travers 34 courtes pi\u00e8ces sonores o\u00f9 des porcelets en images de synth\u00e8se se font encastrer, froisser ou retourner comme des gants.  http:\/\/www.babiole.net\/    &nbsp;","og_url":"https:\/\/optical-sound.com\/wp\/produit\/cecile-babiole-crumple-zone-os-dvd-002\/","og_site_name":"Optical Sound","article_modified_time":"2025-04-29T12:29:14+00:00","og_image":[{"width":531,"height":776,"url":"https:\/\/optical-sound.com\/wp\/wp-content\/uploads\/2025\/04\/crumple-zone.jpg","type":"image\/jpeg"}],"twitter_card":"summary_large_image","twitter_misc":{"Dur\u00e9e de lecture estim\u00e9e":"1 minute"},"schema":{"@context":"https:\/\/schema.org","@graph":[{"@type":"WebPage","@id":"https:\/\/optical-sound.com\/wp\/produit\/cecile-babiole-crumple-zone-os-dvd-002\/","url":"https:\/\/optical-sound.com\/wp\/produit\/cecile-babiole-crumple-zone-os-dvd-002\/","name":"C\u00e9cile Babiole, Crumple Zone (DVD-OS.002) - Optical Sound","isPartOf":{"@id":"https:\/\/optical-sound.com\/wp\/#website"},"primaryImageOfPage":{"@id":"https:\/\/optical-sound.com\/wp\/produit\/cecile-babiole-crumple-zone-os-dvd-002\/#primaryimage"},"image":{"@id":"https:\/\/optical-sound.com\/wp\/produit\/cecile-babiole-crumple-zone-os-dvd-002\/#primaryimage"},"thumbnailUrl":"https:\/\/optical-sound.com\/wp\/wp-content\/uploads\/2025\/04\/crumple-zone.jpg","datePublished":"2025-04-29T12:14:16+00:00","dateModified":"2025-04-29T12:29:14+00:00","breadcrumb":{"@id":"https:\/\/optical-sound.com\/wp\/produit\/cecile-babiole-crumple-zone-os-dvd-002\/#breadcrumb"},"inLanguage":"fr-FR","potentialAction":[{"@type":"ReadAction","target":["https:\/\/optical-sound.com\/wp\/produit\/cecile-babiole-crumple-zone-os-dvd-002\/"]}]},{"@type":"ImageObject","inLanguage":"fr-FR","@id":"https:\/\/optical-sound.com\/wp\/produit\/cecile-babiole-crumple-zone-os-dvd-002\/#primaryimage","url":"https:\/\/optical-sound.com\/wp\/wp-content\/uploads\/2025\/04\/crumple-zone.jpg","contentUrl":"https:\/\/optical-sound.com\/wp\/wp-content\/uploads\/2025\/04\/crumple-zone.jpg","width":531,"height":776},{"@type":"BreadcrumbList","@id":"https:\/\/optical-sound.com\/wp\/produit\/cecile-babiole-crumple-zone-os-dvd-002\/#breadcrumb","itemListElement":[{"@type":"ListItem","position":1,"name":"Accueil","item":"https:\/\/optical-sound.com\/wp\/"},{"@type":"ListItem","position":2,"name":"Boutique","item":"https:\/\/optical-sound.com\/wp\/boutique\/"},{"@type":"ListItem","position":3,"name":"C\u00e9cile Babiole, Crumple Zone (DVD-OS.002)"}]},{"@type":"WebSite","@id":"https:\/\/optical-sound.com\/wp\/#website","url":"https:\/\/optical-sound.com\/wp\/","name":"Optical Sound","description":"","publisher":{"@id":"https:\/\/optical-sound.com\/wp\/#organization"},"potentialAction":[{"@type":"SearchAction","target":{"@type":"EntryPoint","urlTemplate":"https:\/\/optical-sound.com\/wp\/?s={search_term_string}"},"query-input":{"@type":"PropertyValueSpecification","valueRequired":true,"valueName":"search_term_string"}}],"inLanguage":"fr-FR"},{"@type":"Organization","@id":"https:\/\/optical-sound.com\/wp\/#organization","name":"Optical Sound","url":"https:\/\/optical-sound.com\/wp\/","logo":{"@type":"ImageObject","inLanguage":"fr-FR","@id":"https:\/\/optical-sound.com\/wp\/#\/schema\/logo\/image\/","url":"https:\/\/optical-sound.com\/wp\/wp-content\/uploads\/2019\/03\/titre.png","contentUrl":"https:\/\/optical-sound.com\/wp\/wp-content\/uploads\/2019\/03\/titre.png","width":1250,"height":557,"caption":"Optical Sound"},"image":{"@id":"https:\/\/optical-sound.com\/wp\/#\/schema\/logo\/image\/"}}]}},"acf":[],"_links":{"self":[{"href":"https:\/\/optical-sound.com\/wp\/wp-json\/wp\/v2\/product\/3296","targetHints":{"allow":["GET"]}}],"collection":[{"href":"https:\/\/optical-sound.com\/wp\/wp-json\/wp\/v2\/product"}],"about":[{"href":"https:\/\/optical-sound.com\/wp\/wp-json\/wp\/v2\/types\/product"}],"wp:featuredmedia":[{"embeddable":true,"href":"https:\/\/optical-sound.com\/wp\/wp-json\/wp\/v2\/media\/3297"}],"wp:attachment":[{"href":"https:\/\/optical-sound.com\/wp\/wp-json\/wp\/v2\/media?parent=3296"}],"wp:term":[{"taxonomy":"product_brand","embeddable":true,"href":"https:\/\/optical-sound.com\/wp\/wp-json\/wp\/v2\/product_brand?post=3296"},{"taxonomy":"product_cat","embeddable":true,"href":"https:\/\/optical-sound.com\/wp\/wp-json\/wp\/v2\/product_cat?post=3296"},{"taxonomy":"product_tag","embeddable":true,"href":"https:\/\/optical-sound.com\/wp\/wp-json\/wp\/v2\/product_tag?post=3296"}],"curies":[{"name":"wp","href":"https:\/\/api.w.org\/{rel}","templated":true}]}}